{"id":2288,"date":"2021-11-11T15:27:58","date_gmt":"2021-11-11T14:27:58","guid":{"rendered":"https:\/\/pemamo.ch\/produkte\/maschine-mdr-140-240-nc\/"},"modified":"2022-02-07T15:32:44","modified_gmt":"2022-02-07T14:32:44","slug":"maschine-mdr-140-240-nc","status":"publish","type":"page","link":"https:\/\/pemamo.ch\/de\/produkte\/maschine-mdr-140-240-nc\/","title":{"rendered":"Maschine MDR 140 \/ 240 NC"},"content":{"rendered":"<div class=\"wpb-content-wrapper\"><p>[vc_row][vc_column]<div class=\"dfd-spacer-module\"  data-units=\"px\" data-wide_resolution=\"1280\" data-wide_size=\"120\" data-normal_resolution=\"1024\" data-normal_size=\"120\" data-tablet_resolution=\"800\" data-tablet_size=\"120\" data-mobile_resolution=\"480\" data-mobile_size=\"80\" style=\"height: 120px;\"><\/div>[\/vc_column][\/vc_row][vc_row][vc_column width=&#8220;1\/2&#8243; css=&#8220;.vc_custom_1619164788120{margin-top: -20px !important;padding-right: 5% !important;}&#8220; col_shadow=&#8220;box_shadow_enable:disable|shadow_horizontal:0|shadow_vertical:15|shadow_blur:50|shadow_spread:0|box_shadow_color:rgba(0%2C0%2C0%2C0.35)&#8220; col_shadow_hover=&#8220;box_shadow_enable:disable|shadow_horizontal:0|shadow_vertical:15|shadow_blur:50|shadow_spread:0|box_shadow_color:rgba(0%2C0%2C0%2C0.35)&#8220;]<div id=\"dfd-single-image-module69f43888c2c68-6081\" class=\"dfd-single-image-module  image-center  cr-animate-gen\" data-animate-type = \"transition.slideLeftBigIn\" ><img loading=\"lazy\" decoding=\"async\" src=\"https:\/\/pemamo.ch\/wp-content\/uploads\/2021\/04\/pemamo-MDR-140-240-NC-.jpg\" width=\"541\" height=\"550\"  alt=\"machine de rodage horizontal MDR 140 \/ 240 NC\" \/><\/div><div class=\"dfd-spacer-module\"  data-units=\"px\" data-wide_resolution=\"1280\" data-wide_size=\"\" data-normal_resolution=\"1024\" data-normal_size=\"\" data-tablet_resolution=\"800\" data-tablet_size=\"\" data-mobile_resolution=\"480\" data-mobile_size=\"50\" style=\"height: px;\"><\/div>[\/vc_column][vc_column width=&#8220;1\/2&#8243; col_shadow=&#8220;box_shadow_enable:disable|shadow_horizontal:0|shadow_vertical:15|shadow_blur:50|shadow_spread:0|box_shadow_color:rgba(0%2C0%2C0%2C0.35)&#8220; col_shadow_hover=&#8220;box_shadow_enable:disable|shadow_horizontal:0|shadow_vertical:15|shadow_blur:50|shadow_spread:0|box_shadow_color:rgba(0%2C0%2C0%2C0.35)&#8220;]<div class=\"dfd-heading-shortcode\"><div class=\"dfd-heading-module-wrap  text-left style_01 cr-animate-gen dfd-heading-69f43888c2cea dfd-disable-resposive-headings\" id=\"dfd-heading-69f43888c2cea\" data-animate-type = \"transition.slideRightBigIn\" ><div class=\"inline-block\"><div class=\"dfd-heading-module\"><h2 class=\"widget-title dfd-title \" style=\"\">Horizontale Honmaschine<\/h2><\/div><\/div><\/div><script type=\"text\/javascript\">\r\n\t\t\t\t\t\t\t\t\t(function($) {\r\n\t\t\t\t\t\t\t\t\t\t$(\"head\").append(\"<style>.dfd-heading-69f43888c2cea.dfd-heading-module-wrap .dfd-heading-module .dfd-heading-delimiter {margin-top:10px;margin-bottom:10px;}<\/style>\");\r\n\t\t\t\t\t\t\t\t\t})(jQuery);\r\n\t\t\t\t\t\t\t\t<\/script><\/div><div class=\"dfd-heading-shortcode\"><div class=\"dfd-heading-module-wrap  text-left style_01 cr-animate-gen dfd-heading-69f43888c2d73 dfd-disable-resposive-headings\" id=\"dfd-heading-69f43888c2d73\" data-animate-type = \"transition.slideRightBigIn\" ><div class=\"inline-block\"><div class=\"dfd-heading-module\"><h1 class=\"widget-title dfd-title \" style=\"\">MDR 140 \/ 240 NC<\/h1><\/div><\/div><\/div><script type=\"text\/javascript\">\r\n\t\t\t\t\t\t\t\t\t(function($) {\r\n\t\t\t\t\t\t\t\t\t\t$(\"head\").append(\"<style>.dfd-heading-69f43888c2d73.dfd-heading-module-wrap .dfd-heading-module .dfd-heading-delimiter {margin-top:10px;margin-bottom:10px;}@media (max-width: 799px){.dfd-heading-69f43888c2d73 .dfd-title{font-size: 50px !important;line-height: 60px !important;}}<\/style>\");\r\n\t\t\t\t\t\t\t\t\t})(jQuery);\r\n\t\t\t\t\t\t\t\t<\/script><\/div><div class=\"dfd-spacer-module\"  data-units=\"px\" data-wide_resolution=\"1280\" data-wide_size=\"20\" data-normal_resolution=\"1024\" data-normal_size=\"20\" data-tablet_resolution=\"800\" data-tablet_size=\"20\" data-mobile_resolution=\"480\" data-mobile_size=\"20\" style=\"height: 20px;\"><\/div><div id=\"dfd-icon-list-69f43888c2e17-2942\" class=\"dfd-icon-list-wrap  style-1  \" ><ul class=\"dfd-icon-list\"><li class=\"\"><div class=\"dfd-list-content clearfix \" style=\"\"><div class=\"dfd-list-icon-block text-center\" style=\"margin-right:5px;color:#595959; \"><i class = \"dfd-icon-right_2 dfd_icon_set-icon-right_2\"><\/i><\/div><div class=\"dfd-list-content-block content\">Honbereich \u00d8 1,5 \u2013 50 mm<\/div><\/div><\/li><li class=\"\"><div class=\"dfd-list-content clearfix \" style=\"\"><div class=\"dfd-list-icon-block text-center\" style=\"margin-right:5px;color:#595959; \"><i class = \"dfd-icon-right_2 dfd_icon_set-icon-right_2\"><\/i><\/div><div class=\"dfd-list-content-block content\">1 oder 2 Spindeln<\/div><\/div><\/li><li class=\"\"><div class=\"dfd-list-content clearfix \" style=\"\"><div class=\"dfd-list-icon-block text-center\" style=\"margin-right:5px;color:#595959; \"><i class = \"dfd-icon-right_2 dfd_icon_set-icon-right_2\"><\/i><\/div><div class=\"dfd-list-content-block content\">Automatische Aufweitung<\/div><\/div><\/li><li class=\"\"><div class=\"dfd-list-content clearfix \" style=\"\"><div class=\"dfd-list-icon-block text-center\" style=\"margin-right:5px;color:#595959; \"><i class = \"dfd-icon-download_2 dfd_icon_set-icon-download_2\"><\/i><\/div><div class=\"dfd-list-content-block content\"><a style=\"color: #ff3438;\" href=\"https:\/\/pemamo.ch\/wp-content\/uploads\/2021\/04\/mdr140-240nc.pdf\" target=\"_blank\" rel=\"noopener\">Laden Sie die Brosch\u00fcre herunter<\/a><\/div><\/div><\/li><\/ul><\/div><script type=\"text\/javascript\">(function($) {$(\"head\").append(\"<style>#dfd-icon-list-69f43888c2e17-2942 .dfd-icon-list .content {style=&quot;font-size: 18px; &quot;}<\/style>\");})(jQuery);<\/script><div class=\"dfd-spacer-module\"  data-units=\"px\" data-wide_resolution=\"1280\" data-wide_size=\"70\" data-normal_resolution=\"1024\" data-normal_size=\"70\" data-tablet_resolution=\"800\" data-tablet_size=\"50\" data-mobile_resolution=\"480\" data-mobile_size=\"50\" style=\"height: 70px;\"><\/div><div id=\"dfd-button-69f43888c2f61\" class=\"dfd-button-module-wrap dfd-button-69f43888c2f61\"><div class=\"dfd-button-module  cr-animate-gen style_1 text-left dfd-horizontal dfd-top-to-bottom dfd-button-icon-left dfd-button-icon-hover-simple\"  data-animate-type=\"transition.slideRightBigIn\" ><a href=\"https:\/\/pemamo.ch\/de\/produit\/horizontale-honmaschine-mdr-140-240-nc\/\" class=\"dfd-button-link\"><span class=\"dfd-button-inner-cover\"><span class=\"dfd-button-text-main\">Angebot anfragen<\/span><\/span><\/a><\/div><script type=\"text\/javascript\">\r\n\t\t\t\t\t\t\t\t\t(function($) {$(\"head\").append(\"<style>#dfd-button-69f43888c2f61.dfd-button-module-wrap .dfd-button-module .dfd-button-link .dfd-button-inner-cover .dfd-button-text-main,.dfd-button-69f43888c2f61.dfd-button-module-wrap .dfd-button-module .dfd-button-link .dfd-button-inner-cover .dfd-button-text-main {color: #ffffff}#dfd-button-69f43888c2f61.dfd-button-module-wrap .dfd-button-module .dfd-button-link .dfd-button-inner-cover,.dfd-button-69f43888c2f61.dfd-button-module-wrap .dfd-button-module .dfd-button-link .dfd-button-border-decoration,.dfd-button-69f43888c2f61.dfd-button-module-wrap .dfd-button-module .dfd-button-link .dfd-button-inner-cover {border-radius:100px;}#dfd-button-69f43888c2f61.dfd-button-module-wrap .dfd-button-module:not(.style_4) .dfd-button-link .dfd-button-inner-cover:before,#dfd-button-69f43888c2f61.dfd-button-module-wrap .dfd-button-module.style_4 .dfd-button-link .dfd-button-inner-cover:after,#dfd-button-69f43888c2f61.dfd-button-module-wrap .dfd-button-module.style_6 .dfd-button-link .dfd-button-inner-cover .dfd-button-text-main,.dfd-button-69f43888c2f61.dfd-button-module-wrap .dfd-button-module:not(.style_4) .dfd-button-link .dfd-button-inner-cover:before,.dfd-button-69f43888c2f61.dfd-button-module-wrap .dfd-button-module.style_4 .dfd-button-link .dfd-button-inner-cover:after,.dfd-button-69f43888c2f61.dfd-button-module-wrap .dfd-button-module.style_6 .dfd-button-link .dfd-button-inner-cover .dfd-button-text-main {background: #ff3438;border-style:solid;border-width:1px;border-radius:100px;border-color:#ff3438;}#dfd-button-69f43888c2f61.dfd-button-module-wrap .dfd-button-module:not(.style_6) .dfd-button-link:hover .dfd-button-inner-cover .dfd-button-text-main,#dfd-button-69f43888c2f61.dfd-button-module-wrap .dfd-button-module .dfd-button-link .dfd-button-inner-cover .dfd-button-text-hover,.dfd-button-69f43888c2f61.dfd-button-module-wrap .dfd-button-module:not(.style_6) .dfd-button-link:hover .dfd-button-inner-cover .dfd-button-text-main,.dfd-button-69f43888c2f61.dfd-button-module-wrap .dfd-button-module .dfd-button-link .dfd-button-inner-cover .dfd-button-text-hover {color: #ff3438;}#dfd-button-69f43888c2f61.dfd-button-module-wrap .dfd-button-module .dfd-button-link:hover .dfd-button-inner-cover,.dfd-button-69f43888c2f61.dfd-button-module-wrap .dfd-button-module .dfd-button-link:hover .dfd-button-border-decoration,.dfd-button-69f43888c2f61.dfd-button-module-wrap .dfd-button-module .dfd-button-link:hover .dfd-button-inner-cover {border-radius:100px;}#dfd-button-69f43888c2f61.dfd-button-module-wrap .dfd-button-module:not(.style_4) .dfd-button-link .dfd-button-inner-cover:after,#dfd-button-69f43888c2f61.dfd-button-module-wrap .dfd-button-module.style_4 .dfd-button-link .dfd-button-inner-cover:before,#dfd-button-69f43888c2f61.dfd-button-module-wrap .dfd-button-module .dfd-button-link .dfd-button-inner-cover .dfd-button-text-hover .dfd-button-69f43888c2f61.dfd-button-module-wrap .dfd-button-module:not(.style_4) .dfd-button-link .dfd-button-inner-cover:after,.dfd-button-69f43888c2f61.dfd-button-module-wrap .dfd-button-module.style_4 .dfd-button-link .dfd-button-inner-cover:before,.dfd-button-69f43888c2f61.dfd-button-module-wrap .dfd-button-module .dfd-button-link .dfd-button-inner-cover .dfd-button-text-hover {background: #ffffff;border-style:solid;border-width:1px;border-radius:100px;border-color:#ff3438;}#dfd-button-69f43888c2f61.dfd-button-module-wrap .dfd-button-module.style_3 .dfd-button-link:hover .dfd-button-inner-cover:before,#dfd-button-69f43888c2f61.dfd-button-module-wrap .dfd-button-module.style_4 .dfd-button-link:hover .dfd-button-inner-cover:before,.dfd-button-69f43888c2f61.dfd-button-module-wrap .dfd-button-module.style_3 .dfd-button-link:hover .dfd-button-inner-cover:before,.dfd-button-69f43888c2f61.dfd-button-module-wrap .dfd-button-module.style_4 .dfd-button-link:hover .dfd-button-inner-cover:before {border-style:solid;border-width:1px;border-radius:100px;border-color:#ff3438;}<\/style>\")\r\n\t\t\t\t\t\t\t\t\t})(jQuery);\r\n\t\t\t\t\t\t\t\t<\/script><\/div>[\/vc_column][\/vc_row][vc_row][vc_column]<div class=\"dfd-spacer-module\"  data-units=\"px\" data-wide_resolution=\"1280\" data-wide_size=\"50\" data-normal_resolution=\"1024\" data-normal_size=\"50\" data-tablet_resolution=\"800\" data-tablet_size=\"50\" data-mobile_resolution=\"480\" data-mobile_size=\"80\" style=\"height: 50px;\"><\/div><div class=\"dfd-heading-shortcode\"><div class=\"dfd-heading-module-wrap  text-left style_01 cr-animate-gen dfd-heading-69f43888c2fe2 dfd-disable-resposive-headings\" id=\"dfd-heading-69f43888c2fe2\" data-animate-type = \"transition.slideRightBigIn\" ><div class=\"inline-block\"><div class=\"dfd-heading-module\"><h2 class=\"widget-title dfd-title \" style=\"\">Details<\/h2><\/div><\/div><\/div><script type=\"text\/javascript\">\r\n\t\t\t\t\t\t\t\t\t(function($) {\r\n\t\t\t\t\t\t\t\t\t\t$(\"head\").append(\"<style>.dfd-heading-69f43888c2fe2.dfd-heading-module-wrap .dfd-heading-module .dfd-heading-delimiter {margin-top:10px;margin-bottom:10px;}<\/style>\");\r\n\t\t\t\t\t\t\t\t\t})(jQuery);\r\n\t\t\t\t\t\t\t\t<\/script><\/div><div class=\"dfd-spacer-module\"  data-units=\"px\" data-wide_resolution=\"1280\" data-wide_size=\"20\" data-normal_resolution=\"1024\" data-normal_size=\"20\" data-tablet_resolution=\"800\" data-tablet_size=\"20\" data-mobile_resolution=\"480\" data-mobile_size=\"20\" style=\"height: 20px;\"><\/div>[dfd_accordion style=&#8220;style-4&#8243; active_section=&#8220;&#8220; font_size=&#8220;14&#8243; icon_size=&#8220;14&#8243; module_animation=&#8220;transition.slideRightBigIn&#8220; border_color_radius=&#8220;#565656&#8243;][vc_tta_section title=&#8220;Technische Daten&#8220; tab_id=&#8220;1619012463606-488a60ab-76e9&#8243;][vc_column_text]<\/p>\n<ul>\n<li>1 oder 2 Spindeln<\/li>\n<li>Honbereich \u00d8 1,5 \u2013 50 mm<\/li>\n<li>Hubl\u00e4nge 0 \u2013 100 mm<\/li>\n<li>Spindeldrehzahl 150 &#8211; 2 500 U\/min<\/li>\n<li>Automatisches Aufweitsystem (1 \u2013 300 Sek.\/0,01 mm)<\/li>\n<li>45 Liter \u00d6ltank mit Filterpapier<\/li>\n<li>Gewicht ~ 500 kg \/ ~ 700 kg<\/li>\n<li>Abmessungen 1 550 x 800 x 1 450 mm \/ 1 600 x 1 000 x 1 600 mm<\/li>\n<\/ul>\n<p>[\/vc_column_text][\/vc_tta_section][vc_tta_section title=&#8220;Wichtige Vorteile&#8220; tab_id=&#8220;1619012463631-81a7ff44-ae87&#8243;][vc_column_text]<\/p>\n<ul>\n<li>Produktionsmaschine f\u00fcr hohe Pr\u00e4zision.<\/li>\n<li>Automatische Aufweitung erm\u00f6glicht eine Wiederholbarkeit des Endma\u00dfes innerhalb von 1 \u00b5m.<\/li>\n<li>Anwendungsspezifische schwimmend gelagerte Aufspannung.<\/li>\n<\/ul>\n<p>[\/vc_column_text][\/vc_tta_section][vc_tta_section title=&#8220;Zubeh\u00f6r&#8220; tab_id=&#8220;1619012564560-d44016f7-4c01&#8243;][vc_column_text]<\/p>\n<ul>\n<li>Handhonger\u00e4t PEMAMO 814 f\u00fcr \u00d8 0,6 &#8211; 1,5 mm<\/li>\n<li>Automatischer Papierbandfilter kombiniert mit Kartuschenfilter<\/li>\n<\/ul>\n<p>[\/vc_column_text][\/vc_tta_section][\/dfd_accordion]<div class=\"dfd-spacer-module\"  data-units=\"px\" data-wide_resolution=\"1280\" data-wide_size=\"20\" data-normal_resolution=\"1024\" data-normal_size=\"20\" data-tablet_resolution=\"800\" data-tablet_size=\"20\" data-mobile_resolution=\"480\" data-mobile_size=\"20\" style=\"height: 20px;\"><\/div><div class=\"dfd-heading-shortcode\"><div class=\"dfd-heading-module-wrap  text-left style_01 cr-animate-gen dfd-heading-69f43888c3075 dfd-disable-resposive-headings\" id=\"dfd-heading-69f43888c3075\" data-animate-type = \"transition.slideRightBigIn\" ><div class=\"inline-block\"><div class=\"dfd-heading-module\"><h2 class=\"widget-title dfd-title \" style=\"\">Video<\/p>\n<p><\/h2><\/div><\/div><\/div><script type=\"text\/javascript\">\r\n\t\t\t\t\t\t\t\t\t(function($) {\r\n\t\t\t\t\t\t\t\t\t\t$(\"head\").append(\"<style>.dfd-heading-69f43888c3075.dfd-heading-module-wrap .dfd-heading-module .dfd-heading-delimiter {margin-top:10px;margin-bottom:10px;}<\/style>\");\r\n\t\t\t\t\t\t\t\t\t})(jQuery);\r\n\t\t\t\t\t\t\t\t<\/script><\/div><div class=\"dfd-spacer-module\"  data-units=\"px\" data-wide_resolution=\"1280\" data-wide_size=\"20\" data-normal_resolution=\"1024\" data-normal_size=\"20\" data-tablet_resolution=\"800\" data-tablet_size=\"20\" data-mobile_resolution=\"480\" data-mobile_size=\"20\" style=\"height: 20px;\"><\/div>[vc_row_inner][vc_column_inner width=&#8220;1\/3&#8243;]<div class=\"animation-container \" ><div id=\"video-player-69f43888c30e9-5175\" class=\"dfd-videoplayer style-1  text-center \"><div class=\"dfd-video-content video-content\" id=\"module_video_69f43888c30eb\"><div class=\"dfd-video-box no-thumb\"  ><div class=\"wpb_video_wrapper\"><iframe loading=\"lazy\" title=\"PEMAMO MRL 140 Honing machine\" width=\"1200\" height=\"675\" src=\"https:\/\/www.youtube.com\/embed\/-aoNaNZx4iY?feature=oembed\" frameborder=\"0\" allow=\"accelerometer; autoplay; clipboard-write; encrypted-media; gyroscope; picture-in-picture\" allowfullscreen><\/iframe><\/div><\/div><\/div><\/div><\/div><script type=\"text\/javascript\">\r\n\t\t\t\t\t\t\t(function($) {\r\n\t\t\t\t\t\t\t\t$(\"head\").append(\"<style><\/style>\");\r\n\t\t\t\t\t\t\t\t$(document).ready(function(){\r\n\t\t\t\t\t\t\t\t\tDFD_VideoModule.init(\"module_video_69f43888c30eb\",\"video-player-69f43888c30e9-5175\");\r\n\t\t\t\t\t\t\t\t});\r\n\t\t\t\t\t\t\t})(jQuery);\r\n\t\t\t\t\t\t<\/script>[\/vc_column_inner][vc_column_inner width=&#8220;1\/3&#8243;][\/vc_column_inner][vc_column_inner width=&#8220;1\/3&#8243;][\/vc_column_inner][\/vc_row_inner]<div class=\"dfd-spacer-module\"  data-units=\"px\" data-wide_resolution=\"1280\" data-wide_size=\"20\" data-normal_resolution=\"1024\" data-normal_size=\"20\" data-tablet_resolution=\"800\" data-tablet_size=\"20\" data-mobile_resolution=\"480\" data-mobile_size=\"20\" style=\"height: 20px;\"><\/div>[\/vc_column][\/vc_row][vc_row][vc_column]<div class=\"dfd-spacer-module\"  data-units=\"px\" data-wide_resolution=\"1280\" data-wide_size=\"120\" data-normal_resolution=\"1024\" data-normal_size=\"120\" data-tablet_resolution=\"800\" data-tablet_size=\"120\" data-mobile_resolution=\"480\" data-mobile_size=\"80\" style=\"height: 120px;\"><\/div>[\/vc_column][\/vc_row]<\/p>\n<\/div>","protected":false},"excerpt":{"rendered":"<p>[vc_row][vc_column][\/vc_column][\/vc_row][vc_row][vc_column width=&#8220;1\/2&#8243; css=&#8220;.vc_custom_1619164788120{margin-top: -20px !important;padding-right: 5% !important;}&#8220; col_shadow=&#8220;box_shadow_enable:disable|shadow_horizontal:0|shadow_vertical:15|shadow_blur:50|shadow_spread:0|box_shadow_color:rgba(0%2C0%2C0%2C0.35)&#8220; col_shadow_hover=&#8220;box_shadow_enable:disable|shadow_horizontal:0|shadow_vertical:15|shadow_blur:50|shadow_spread:0|box_shadow_color:rgba(0%2C0%2C0%2C0.35)&#8220;][\/vc_column][vc_column width=&#8220;1\/2&#8243; col_shadow=&#8220;box_shadow_enable:disable|shadow_horizontal:0|shadow_vertical:15|shadow_blur:50|shadow_spread:0|box_shadow_color:rgba(0%2C0%2C0%2C0.35)&#8220; col_shadow_hover=&#8220;box_shadow_enable:disable|shadow_horizontal:0|shadow_vertical:15|shadow_blur:50|shadow_spread:0|box_shadow_color:rgba(0%2C0%2C0%2C0.35)&#8220;][\/vc_column][\/vc_row][vc_row][vc_column][dfd_accordion style=&#8220;style-4&#8243; active_section=&#8220;&#8220; font_size=&#8220;14&#8243; icon_size=&#8220;14&#8243; module_animation=&#8220;transition.slideRightBigIn&#8220; border_color_radius=&#8220;#565656&#8243;][vc_tta_section title=&#8220;Technische Daten&#8220; tab_id=&#8220;1619012463606-488a60ab-76e9&#8243;][vc_column_text] 1 oder 2 Spindeln Honbereich \u00d8 1,5 \u2013 50<\/p>\n","protected":false},"author":4,"featured_media":0,"parent":2274,"menu_order":0,"comment_status":"closed","ping_status":"closed","template":"page-custom-with-header.php","meta":{"footnotes":""},"class_list":["post-2288","page","type-page","status-publish","hentry"],"yoast_head":"<!-- This site is optimized with the Yoast SEO plugin v27.2 - https:\/\/yoast.com\/product\/yoast-seo-wordpress\/ -->\n<title>Maschine MDR 140 \/ 240 NC - Pemamo<\/title>\n<meta name=\"robots\" content=\"index, follow, max-snippet:-1, max-image-preview:large, max-video-preview:-1\" \/>\n<link rel=\"canonical\" href=\"https:\/\/pemamo.ch\/produits\/machine-mdr-140-240-nc-2\/\" \/>\n<meta property=\"og:locale\" content=\"de_DE\" \/>\n<meta property=\"og:type\" content=\"article\" \/>\n<meta property=\"og:title\" content=\"Maschine MDR 140 \/ 240 NC - Pemamo\" \/>\n<meta property=\"og:description\" content=\"[vc_row][vc_column][\/vc_column][\/vc_row][vc_row][vc_column width=&#8220;1\/2&#8243; css=&#8220;.vc_custom_1619164788120{margin-top: -20px !important;padding-right: 5% !important;}&#8220; col_shadow=&#8220;box_shadow_enable:disable|shadow_horizontal:0|shadow_vertical:15|shadow_blur:50|shadow_spread:0|box_shadow_color:rgba(0%2C0%2C0%2C0.35)&#8220; col_shadow_hover=&#8220;box_shadow_enable:disable|shadow_horizontal:0|shadow_vertical:15|shadow_blur:50|shadow_spread:0|box_shadow_color:rgba(0%2C0%2C0%2C0.35)&#8220;][\/vc_column][vc_column width=&#8220;1\/2&#8243; col_shadow=&#8220;box_shadow_enable:disable|shadow_horizontal:0|shadow_vertical:15|shadow_blur:50|shadow_spread:0|box_shadow_color:rgba(0%2C0%2C0%2C0.35)&#8220; col_shadow_hover=&#8220;box_shadow_enable:disable|shadow_horizontal:0|shadow_vertical:15|shadow_blur:50|shadow_spread:0|box_shadow_color:rgba(0%2C0%2C0%2C0.35)&#8220;][\/vc_column][\/vc_row][vc_row][vc_column][dfd_accordion style=&#8220;style-4&#8243; active_section=&#8220;&#8220; font_size=&#8220;14&#8243; icon_size=&#8220;14&#8243; module_animation=&#8220;transition.slideRightBigIn&#8220; border_color_radius=&#8220;#565656&#8243;][vc_tta_section title=&#8220;Technische Daten&#8220; tab_id=&#8220;1619012463606-488a60ab-76e9&#8243;][vc_column_text] 1 oder 2 Spindeln Honbereich \u00d8 1,5 \u2013 50\" \/>\n<meta property=\"og:url\" content=\"https:\/\/pemamo.ch\/produits\/machine-mdr-140-240-nc-2\/\" \/>\n<meta property=\"og:site_name\" content=\"Pemamo\" \/>\n<meta property=\"article:modified_time\" content=\"2022-02-07T14:32:44+00:00\" \/>\n<meta name=\"twitter:card\" content=\"summary_large_image\" \/>\n<meta name=\"twitter:label1\" content=\"Gesch\u00e4tzte Lesezeit\" \/>\n\t<meta name=\"twitter:data1\" content=\"2\u00a0Minuten\" \/>\n<script type=\"application\/ld+json\" class=\"yoast-schema-graph\">{\"@context\":\"https:\/\/schema.org\",\"@graph\":[{\"@type\":\"WebPage\",\"@id\":\"https:\/\/pemamo.ch\/produits\/machine-mdr-140-240-nc-2\/\",\"url\":\"https:\/\/pemamo.ch\/produits\/machine-mdr-140-240-nc-2\/\",\"name\":\"Maschine MDR 140 \/ 240 NC - Pemamo\",\"isPartOf\":{\"@id\":\"https:\/\/pemamo.ch\/#website\"},\"datePublished\":\"2021-11-11T14:27:58+00:00\",\"dateModified\":\"2022-02-07T14:32:44+00:00\",\"breadcrumb\":{\"@id\":\"https:\/\/pemamo.ch\/produits\/machine-mdr-140-240-nc-2\/#breadcrumb\"},\"inLanguage\":\"de\",\"potentialAction\":[{\"@type\":\"ReadAction\",\"target\":[\"https:\/\/pemamo.ch\/produits\/machine-mdr-140-240-nc-2\/\"]}]},{\"@type\":\"BreadcrumbList\",\"@id\":\"https:\/\/pemamo.ch\/produits\/machine-mdr-140-240-nc-2\/#breadcrumb\",\"itemListElement\":[{\"@type\":\"ListItem\",\"position\":1,\"name\":\"Home\",\"item\":\"https:\/\/pemamo.ch\/de\/\"},{\"@type\":\"ListItem\",\"position\":2,\"name\":\"Produkte\",\"item\":\"https:\/\/pemamo.ch\/produits\/\"},{\"@type\":\"ListItem\",\"position\":3,\"name\":\"Maschine MDR 140 \/ 240 NC\"}]},{\"@type\":\"WebSite\",\"@id\":\"https:\/\/pemamo.ch\/#website\",\"url\":\"https:\/\/pemamo.ch\/\",\"name\":\"Pemamo\",\"description\":\"Machines et outils de rodage\",\"potentialAction\":[{\"@type\":\"SearchAction\",\"target\":{\"@type\":\"EntryPoint\",\"urlTemplate\":\"https:\/\/pemamo.ch\/?s={search_term_string}\"},\"query-input\":{\"@type\":\"PropertyValueSpecification\",\"valueRequired\":true,\"valueName\":\"search_term_string\"}}],\"inLanguage\":\"de\"}]}<\/script>\n<!-- \/ Yoast SEO plugin. -->","yoast_head_json":{"title":"Maschine MDR 140 \/ 240 NC - Pemamo","robots":{"index":"index","follow":"follow","max-snippet":"max-snippet:-1","max-image-preview":"max-image-preview:large","max-video-preview":"max-video-preview:-1"},"canonical":"https:\/\/pemamo.ch\/produits\/machine-mdr-140-240-nc-2\/","og_locale":"de_DE","og_type":"article","og_title":"Maschine MDR 140 \/ 240 NC - Pemamo","og_description":"[vc_row][vc_column][\/vc_column][\/vc_row][vc_row][vc_column width=&#8220;1\/2&#8243; css=&#8220;.vc_custom_1619164788120{margin-top: -20px !important;padding-right: 5% !important;}&#8220; col_shadow=&#8220;box_shadow_enable:disable|shadow_horizontal:0|shadow_vertical:15|shadow_blur:50|shadow_spread:0|box_shadow_color:rgba(0%2C0%2C0%2C0.35)&#8220; col_shadow_hover=&#8220;box_shadow_enable:disable|shadow_horizontal:0|shadow_vertical:15|shadow_blur:50|shadow_spread:0|box_shadow_color:rgba(0%2C0%2C0%2C0.35)&#8220;][\/vc_column][vc_column width=&#8220;1\/2&#8243; col_shadow=&#8220;box_shadow_enable:disable|shadow_horizontal:0|shadow_vertical:15|shadow_blur:50|shadow_spread:0|box_shadow_color:rgba(0%2C0%2C0%2C0.35)&#8220; col_shadow_hover=&#8220;box_shadow_enable:disable|shadow_horizontal:0|shadow_vertical:15|shadow_blur:50|shadow_spread:0|box_shadow_color:rgba(0%2C0%2C0%2C0.35)&#8220;][\/vc_column][\/vc_row][vc_row][vc_column][dfd_accordion style=&#8220;style-4&#8243; active_section=&#8220;&#8220; font_size=&#8220;14&#8243; icon_size=&#8220;14&#8243; module_animation=&#8220;transition.slideRightBigIn&#8220; border_color_radius=&#8220;#565656&#8243;][vc_tta_section title=&#8220;Technische Daten&#8220; tab_id=&#8220;1619012463606-488a60ab-76e9&#8243;][vc_column_text] 1 oder 2 Spindeln Honbereich \u00d8 1,5 \u2013 50","og_url":"https:\/\/pemamo.ch\/produits\/machine-mdr-140-240-nc-2\/","og_site_name":"Pemamo","article_modified_time":"2022-02-07T14:32:44+00:00","twitter_card":"summary_large_image","twitter_misc":{"Gesch\u00e4tzte Lesezeit":"2\u00a0Minuten"},"schema":{"@context":"https:\/\/schema.org","@graph":[{"@type":"WebPage","@id":"https:\/\/pemamo.ch\/produits\/machine-mdr-140-240-nc-2\/","url":"https:\/\/pemamo.ch\/produits\/machine-mdr-140-240-nc-2\/","name":"Maschine MDR 140 \/ 240 NC - Pemamo","isPartOf":{"@id":"https:\/\/pemamo.ch\/#website"},"datePublished":"2021-11-11T14:27:58+00:00","dateModified":"2022-02-07T14:32:44+00:00","breadcrumb":{"@id":"https:\/\/pemamo.ch\/produits\/machine-mdr-140-240-nc-2\/#breadcrumb"},"inLanguage":"de","potentialAction":[{"@type":"ReadAction","target":["https:\/\/pemamo.ch\/produits\/machine-mdr-140-240-nc-2\/"]}]},{"@type":"BreadcrumbList","@id":"https:\/\/pemamo.ch\/produits\/machine-mdr-140-240-nc-2\/#breadcrumb","itemListElement":[{"@type":"ListItem","position":1,"name":"Home","item":"https:\/\/pemamo.ch\/de\/"},{"@type":"ListItem","position":2,"name":"Produkte","item":"https:\/\/pemamo.ch\/produits\/"},{"@type":"ListItem","position":3,"name":"Maschine MDR 140 \/ 240 NC"}]},{"@type":"WebSite","@id":"https:\/\/pemamo.ch\/#website","url":"https:\/\/pemamo.ch\/","name":"Pemamo","description":"Machines et outils de rodage","potentialAction":[{"@type":"SearchAction","target":{"@type":"EntryPoint","urlTemplate":"https:\/\/pemamo.ch\/?s={search_term_string}"},"query-input":{"@type":"PropertyValueSpecification","valueRequired":true,"valueName":"search_term_string"}}],"inLanguage":"de"}]}},"_links":{"self":[{"href":"https:\/\/pemamo.ch\/de\/wp-json\/wp\/v2\/pages\/2288","targetHints":{"allow":["GET"]}}],"collection":[{"href":"https:\/\/pemamo.ch\/de\/wp-json\/wp\/v2\/pages"}],"about":[{"href":"https:\/\/pemamo.ch\/de\/wp-json\/wp\/v2\/types\/page"}],"author":[{"embeddable":true,"href":"https:\/\/pemamo.ch\/de\/wp-json\/wp\/v2\/users\/4"}],"replies":[{"embeddable":true,"href":"https:\/\/pemamo.ch\/de\/wp-json\/wp\/v2\/comments?post=2288"}],"version-history":[{"count":10,"href":"https:\/\/pemamo.ch\/de\/wp-json\/wp\/v2\/pages\/2288\/revisions"}],"predecessor-version":[{"id":2923,"href":"https:\/\/pemamo.ch\/de\/wp-json\/wp\/v2\/pages\/2288\/revisions\/2923"}],"up":[{"embeddable":true,"href":"https:\/\/pemamo.ch\/de\/wp-json\/wp\/v2\/pages\/2274"}],"wp:attachment":[{"href":"https:\/\/pemamo.ch\/de\/wp-json\/wp\/v2\/media?parent=2288"}],"curies":[{"name":"wp","href":"https:\/\/api.w.org\/{rel}","templated":true}]}}