{"id":2621,"date":"2021-11-18T16:50:34","date_gmt":"2021-11-18T15:50:34","guid":{"rendered":"https:\/\/pemamo.ch\/allgemeine-bedingungen\/"},"modified":"2022-03-25T10:02:23","modified_gmt":"2022-03-25T09:02:23","slug":"allgemeine-bedingungen","status":"publish","type":"page","link":"https:\/\/pemamo.ch\/de\/allgemeine-bedingungen\/","title":{"rendered":"Allgemeine Bedingungen"},"content":{"rendered":"<div class=\"wpb-content-wrapper\"><p>[vc_row][vc_column]<div class=\"dfd-spacer-module\"  data-units=\"px\" data-wide_resolution=\"1280\" data-wide_size=\"100\" data-normal_resolution=\"1024\" data-normal_size=\"100\" data-tablet_resolution=\"800\" data-tablet_size=\"100\" data-mobile_resolution=\"480\" data-mobile_size=\"100\" style=\"height: 100px;\"><\/div>[\/vc_column][\/vc_row][vc_row][vc_column col_shadow=&#8220;box_shadow_enable:disable|shadow_horizontal:0|shadow_vertical:15|shadow_blur:50|shadow_spread:0|box_shadow_color:rgba(0%2C0%2C0%2C0.35)&#8220; col_shadow_hover=&#8220;box_shadow_enable:disable|shadow_horizontal:0|shadow_vertical:15|shadow_blur:50|shadow_spread:0|box_shadow_color:rgba(0%2C0%2C0%2C0.35)&#8220;]<div class=\"dfd-heading-shortcode\"><div class=\"dfd-heading-module-wrap  text-center style_01 dfd-heading-69e2630a340a5 dfd-disable-resposive-headings\" id=\"dfd-heading-69e2630a340a5\" ><div class=\"inline-block\"><div class=\"dfd-heading-module\"><h1 class=\"widget-title dfd-title \" style=\"\">Datenschutzerkl\u00e4rung<\/h1><\/div><\/div><\/div><script type=\"text\/javascript\">\r\n\t\t\t\t\t\t\t\t\t(function($) {\r\n\t\t\t\t\t\t\t\t\t\t$(\"head\").append(\"<style>.dfd-heading-69e2630a340a5.dfd-heading-module-wrap .dfd-heading-module .dfd-heading-delimiter {margin-top:10px;margin-bottom:10px;}@media (max-width: 799px){.dfd-heading-69e2630a340a5 .dfd-title{font-size: 50px !important;}}<\/style>\");\r\n\t\t\t\t\t\t\t\t\t})(jQuery);\r\n\t\t\t\t\t\t\t\t<\/script><\/div><div class=\"dfd-spacer-module\"  data-units=\"px\" data-wide_resolution=\"1280\" data-wide_size=\"50\" data-normal_resolution=\"1024\" data-normal_size=\"50\" data-tablet_resolution=\"800\" data-tablet_size=\"50\" data-mobile_resolution=\"480\" data-mobile_size=\"50\" style=\"height: 50px;\"><\/div><div class=\"dfd-heading-shortcode\"><div class=\"dfd-heading-module-wrap  text-left style_01 dfd-heading-69e2630a341be dfd-disable-resposive-headings\" id=\"dfd-heading-69e2630a341be\" ><div class=\"inline-block\"><div class=\"dfd-heading-module\"><h2 class=\"widget-title dfd-title \" style=\"\">Einf\u00fchrung<\/h2><\/div><\/div><\/div><script type=\"text\/javascript\">\r\n\t\t\t\t\t\t\t\t\t(function($) {\r\n\t\t\t\t\t\t\t\t\t\t$(\"head\").append(\"<style>.dfd-heading-69e2630a341be.dfd-heading-module-wrap .dfd-heading-module .dfd-heading-delimiter {margin-top:10px;margin-bottom:10px;}<\/style>\");\r\n\t\t\t\t\t\t\t\t\t})(jQuery);\r\n\t\t\t\t\t\t\t\t<\/script><\/div>[vc_column_text]LPEMAMO SA (nachher bezeichnet von \u00ab Wir \u00bb) ist auch Gastgeber dieser Website und in dieser Funktion f\u00fcr die Verarbeitung personenbezogener Daten gem\u00e4\u00df der Datenschutzerkl\u00e4rung der Nutzer (nachher bezeichnet von \u00ab Sie \u00bb) verantwortlich seiner Website.<\/p>\n<p>Wir nehmen den Schutz Ihrer pers\u00f6nlichen Daten sehr ernst. Wir haben technische und organisatorische Ma\u00dfnahmen ergriffen, um Ihre personenbezogenen Daten vertraulich zu behandeln.[\/vc_column_text]<div class=\"dfd-spacer-module\"  data-units=\"px\" data-wide_resolution=\"1280\" data-wide_size=\"50\" data-normal_resolution=\"1024\" data-normal_size=\"50\" data-tablet_resolution=\"800\" data-tablet_size=\"50\" data-mobile_resolution=\"480\" data-mobile_size=\"50\" style=\"height: 50px;\"><\/div>[\/vc_column][\/vc_row][vc_row][vc_column col_shadow=&#8220;box_shadow_enable:disable|shadow_horizontal:0|shadow_vertical:15|shadow_blur:50|shadow_spread:0|box_shadow_color:rgba(0%2C0%2C0%2C0.35)&#8220; col_shadow_hover=&#8220;box_shadow_enable:disable|shadow_horizontal:0|shadow_vertical:15|shadow_blur:50|shadow_spread:0|box_shadow_color:rgba(0%2C0%2C0%2C0.35)&#8220;]<div class=\"dfd-heading-shortcode\"><div class=\"dfd-heading-module-wrap  text-left style_01 dfd-heading-69e2630a3427b dfd-disable-resposive-headings\" id=\"dfd-heading-69e2630a3427b\" ><div class=\"inline-block\"><div class=\"dfd-heading-module\"><h2 class=\"widget-title dfd-title \" style=\"\">Sicherheit<\/h2><\/div><\/div><\/div><script type=\"text\/javascript\">\r\n\t\t\t\t\t\t\t\t\t(function($) {\r\n\t\t\t\t\t\t\t\t\t\t$(\"head\").append(\"<style>.dfd-heading-69e2630a3427b.dfd-heading-module-wrap .dfd-heading-module .dfd-heading-delimiter {margin-top:10px;margin-bottom:10px;}<\/style>\");\r\n\t\t\t\t\t\t\t\t\t})(jQuery);\r\n\t\t\t\t\t\t\t\t<\/script><\/div>[vc_column_text]Die pers\u00f6nlichen Daten, die wir sammeln, werden in einer sicheren Umgebung auf unserem eigenen Server gespeichert.<\/p>\n<p>Wir verpflichten uns, ein hohes Sicherheitsniveau zu gew\u00e4hrleisten, indem wir Technologien integrieren, um die Vertraulichkeit Ihrer personenbezogenen Daten zu gew\u00e4hrleisten.<\/p>\n<p>Da jedoch keine L\u00f6sung vollst\u00e4ndige Sicherheit bietet, besteht immer ein gewisses Risiko, wenn das Internet zur \u00dcbermittlung personenbezogener Daten verwendet wird.[\/vc_column_text]<div class=\"dfd-spacer-module\"  data-units=\"px\" data-wide_resolution=\"1280\" data-wide_size=\"50\" data-normal_resolution=\"1024\" data-normal_size=\"50\" data-tablet_resolution=\"800\" data-tablet_size=\"50\" data-mobile_resolution=\"480\" data-mobile_size=\"50\" style=\"height: 50px;\"><\/div>[\/vc_column][\/vc_row][vc_row][vc_column col_shadow=&#8220;box_shadow_enable:disable|shadow_horizontal:0|shadow_vertical:15|shadow_blur:50|shadow_spread:0|box_shadow_color:rgba(0%2C0%2C0%2C0.35)&#8220; col_shadow_hover=&#8220;box_shadow_enable:disable|shadow_horizontal:0|shadow_vertical:15|shadow_blur:50|shadow_spread:0|box_shadow_color:rgba(0%2C0%2C0%2C0.35)&#8220;]<div class=\"dfd-heading-shortcode\"><div class=\"dfd-heading-module-wrap  text-left style_01 dfd-heading-69e2630a34335 dfd-disable-resposive-headings\" id=\"dfd-heading-69e2630a34335\" ><div class=\"inline-block\"><div class=\"dfd-heading-module\"><h2 class=\"widget-title dfd-title \" style=\"\">Datensammlung<\/h2><\/div><\/div><\/div><script type=\"text\/javascript\">\r\n\t\t\t\t\t\t\t\t\t(function($) {\r\n\t\t\t\t\t\t\t\t\t\t$(\"head\").append(\"<style>.dfd-heading-69e2630a34335.dfd-heading-module-wrap .dfd-heading-module .dfd-heading-delimiter {margin-top:10px;margin-bottom:10px;}<\/style>\");\r\n\t\t\t\t\t\t\t\t\t})(jQuery);\r\n\t\t\t\t\t\t\t\t<\/script><\/div>[vc_column_text]Die Nutzung unserer Website ist in der Regel ohne Angabe Ihrer Identit\u00e4t m\u00f6glich.<\/p>\n<p>Wir informieren Sie im Folgenden \u00fcber die pers\u00f6nlichen Daten, die wir im Rahmen Ihres Zugriffs auf unsere Website standardm\u00e4\u00dfig erfassen.<\/p>\n<p>In jedem Fall teilen wir diese Informationen nicht ohne Ihre Zustimmung.[\/vc_column_text]<div class=\"dfd-spacer-module\"  data-units=\"px\" data-wide_resolution=\"1280\" data-wide_size=\"45\" data-normal_resolution=\"1024\" data-normal_size=\"45\" data-tablet_resolution=\"800\" data-tablet_size=\"45\" data-mobile_resolution=\"480\" data-mobile_size=\"45\" style=\"height: 45px;\"><\/div>[vc_column_text]<\/p>\n<p style=\"font-size: 18px;\"><strong>E-Mail-Kontakt und Kontaktformular<\/strong><\/p>\n<p>Wenn Sie uns direkt unter <a href=\"mailto:pemamo@pemamo.com\">pemamo@pemamo.com<\/a> oder \u00fcber das Kontaktformular kontaktieren, erheben wir folgende personenbezogene Daten:<\/p>\n<p>&#8211; Nachname und Vorname<br \/>\n&#8211; E-Mail-Adresse.<\/p>\n<p>Diese Informationen werden gespeichert, um Ihre Anfrage und zuk\u00fcnftige Fragen zu bearbeiten.[\/vc_column_text]<div class=\"dfd-spacer-module\"  data-units=\"px\" data-wide_resolution=\"1280\" data-wide_size=\"45\" data-normal_resolution=\"1024\" data-normal_size=\"45\" data-tablet_resolution=\"800\" data-tablet_size=\"45\" data-mobile_resolution=\"480\" data-mobile_size=\"45\" style=\"height: 45px;\"><\/div>[vc_column_text]<\/p>\n<p style=\"font-size: 18px;\"><strong>Anmeldeformular<\/strong><\/p>\n<p>Die Plattform SMART TOOLS ist eine L\u00f6sung, die wir anbieten, um personalisierte Die Registrierungsanfrage kann nur erfolgen, wenn eine Gesch\u00e4ftsbeziehung \u00fcber eine unserer Agenturen oder in bestimmten F\u00e4llen direkt hergestellt wird.<\/p>\n<p>Die gesammelten pers\u00f6nlichen Daten sind wie folgt:<\/p>\n<p>&#8211; Nachname und Vorname<br \/>\n&#8211; E-Mail-Adresse.<\/p>\n<p>Sobald Ihr Registrierungsantrag best\u00e4tigt ist, erhalten Sie eine Best\u00e4tigungs-E-Mail mit Ihren Zugangsdaten von der folgenden E-Mail-Adresse: <a href=\"mailto:smart-tools@pemamo.com\">smart-tools@pemamo.com<\/a>.<\/p>\n<p>Diese Informationen werden zur Verwaltung Ihres Benutzerkontos gespeichert.[\/vc_column_text]<div class=\"dfd-spacer-module\"  data-units=\"px\" data-wide_resolution=\"1280\" data-wide_size=\"50\" data-normal_resolution=\"1024\" data-normal_size=\"50\" data-tablet_resolution=\"800\" data-tablet_size=\"50\" data-mobile_resolution=\"480\" data-mobile_size=\"50\" style=\"height: 50px;\"><\/div>[\/vc_column][\/vc_row][vc_row][vc_column col_shadow=&#8220;box_shadow_enable:disable|shadow_horizontal:0|shadow_vertical:15|shadow_blur:50|shadow_spread:0|box_shadow_color:rgba(0%2C0%2C0%2C0.35)&#8220; col_shadow_hover=&#8220;box_shadow_enable:disable|shadow_horizontal:0|shadow_vertical:15|shadow_blur:50|shadow_spread:0|box_shadow_color:rgba(0%2C0%2C0%2C0.35)&#8220;]<div class=\"dfd-heading-shortcode\"><div class=\"dfd-heading-module-wrap  text-left style_01 dfd-heading-69e2630a34444 dfd-disable-resposive-headings\" id=\"dfd-heading-69e2630a34444\" ><div class=\"inline-block\"><div class=\"dfd-heading-module\"><h2 class=\"widget-title dfd-title \" style=\"\">Cookies<\/h2><\/div><\/div><\/div><script type=\"text\/javascript\">\r\n\t\t\t\t\t\t\t\t\t(function($) {\r\n\t\t\t\t\t\t\t\t\t\t$(\"head\").append(\"<style>.dfd-heading-69e2630a34444.dfd-heading-module-wrap .dfd-heading-module .dfd-heading-delimiter {margin-top:10px;margin-bottom:10px;}<\/style>\");\r\n\t\t\t\t\t\t\t\t\t})(jQuery);\r\n\t\t\t\t\t\t\t\t<\/script><\/div>[vc_column_text]Wir verwenden auch Cookies, bei denen es sich um kleine Textdateien handelt, die auf Ihrem Computer und Browser gespeichert sind, die jedoch keine pers\u00f6nlichen Informationen \u00fcber Sie enthalten.<\/p>\n<p>Cookies schaden Ihrem Computer nicht und enthalten keine Viren. Sie dienen dazu, unser Angebot nutzerfreundlicher zu gestalten und erm\u00f6glichen es uns unter anderem, Ihren Browser bei Ihrem n\u00e4chsten Besuch wiederzuerkennen. Cookies werden auf Ihrem Ger\u00e4t gespeichert, bis Sie sie l\u00f6schen.[\/vc_column_text]<div class=\"dfd-spacer-module\"  data-units=\"px\" data-wide_resolution=\"1280\" data-wide_size=\"45\" data-normal_resolution=\"1024\" data-normal_size=\"45\" data-tablet_resolution=\"800\" data-tablet_size=\"45\" data-mobile_resolution=\"480\" data-mobile_size=\"45\" style=\"height: 45px;\"><\/div>[vc_column_text]<\/p>\n<p style=\"font-size: 18px;\"><strong>Google Analytics<\/strong><\/p>\n<p>Wir verwenden die Funktionen des Dienstes Google Analytics. Der Anbieter ist Google Inc. (nachher bezeichnet von \u00ab Google \u00bb), 1600 Amphitheatre Parkway Mountain View, CA 94043, USA.<\/p>\n<p>Google Analytics verwendet Cookies ebenfalls, um Ihre Nutzung unserer Website zu analysieren. Die generierten Daten werden von Google auf Servern in den USA \u00fcbertragen und gespeichert.<\/p>\n<p>Sie k\u00f6nnen das Speichern von Cookies verhindern, indem Sie die entsprechenden Einstellungen f\u00fcr Ihren Browser ausw\u00e4hlen. Wir weisen jedoch darauf hin, dass eine solche Sperrung die Nutzung bestimmter Funktionen unserer Website verhindern kann. Dar\u00fcber hinaus k\u00f6nnen Sie die Erfassung von Daten, die durch Cookies im Zusammenhang mit Ihrer Nutzung unserer Website und der Verarbeitung dieser Daten durch Google entstehen, nur durch das Herunterladen des <strong><a href=\"https:\/\/tools.google.com\/dlpage\/gaoptout?hl=fr\" target=\"_blank\" rel=\"noopener\">Browser-Add-On<\/a><\/strong> verhindern.<\/p>\n<p>Weitere Informationen zur Datenverwaltung finden Sie in der <strong><a href=\"https:\/\/support.google.com\/analytics\/answer\/6004245?hl=fr\" target=\"_blank\" rel=\"noopener\">Datenschutzerkl\u00e4rung von Google<\/a><\/strong>.[\/vc_column_text]<div class=\"dfd-spacer-module\"  data-units=\"px\" data-wide_resolution=\"1280\" data-wide_size=\"50\" data-normal_resolution=\"1024\" data-normal_size=\"50\" data-tablet_resolution=\"800\" data-tablet_size=\"50\" data-mobile_resolution=\"480\" data-mobile_size=\"50\" style=\"height: 50px;\"><\/div>[\/vc_column][\/vc_row][vc_row][vc_column col_shadow=&#8220;box_shadow_enable:disable|shadow_horizontal:0|shadow_vertical:15|shadow_blur:50|shadow_spread:0|box_shadow_color:rgba(0%2C0%2C0%2C0.35)&#8220; col_shadow_hover=&#8220;box_shadow_enable:disable|shadow_horizontal:0|shadow_vertical:15|shadow_blur:50|shadow_spread:0|box_shadow_color:rgba(0%2C0%2C0%2C0.35)&#8220;]<div class=\"dfd-heading-shortcode\"><div class=\"dfd-heading-module-wrap  text-left style_01 dfd-heading-69e2630a34535 dfd-disable-resposive-headings\" id=\"dfd-heading-69e2630a34535\" ><div class=\"inline-block\"><div class=\"dfd-heading-module\"><h2 class=\"widget-title dfd-title \" style=\"\">Externe Links<\/h2><\/div><\/div><\/div><script type=\"text\/javascript\">\r\n\t\t\t\t\t\t\t\t\t(function($) {\r\n\t\t\t\t\t\t\t\t\t\t$(\"head\").append(\"<style>.dfd-heading-69e2630a34535.dfd-heading-module-wrap .dfd-heading-module .dfd-heading-delimiter {margin-top:10px;margin-bottom:10px;}<\/style>\");\r\n\t\t\t\t\t\t\t\t\t})(jQuery);\r\n\t\t\t\t\t\t\t\t<\/script><\/div>[vc_column_text]Unsere Website enth\u00e4lt Links zu anderen Websites. Wir haben keinen Einfluss auf die Einhaltung der Bestimmungen zum Schutz personenbezogener Daten durch ihre Betreiber.[\/vc_column_text]<div class=\"dfd-spacer-module\"  data-units=\"px\" data-wide_resolution=\"1280\" data-wide_size=\"50\" data-normal_resolution=\"1024\" data-normal_size=\"50\" data-tablet_resolution=\"800\" data-tablet_size=\"50\" data-mobile_resolution=\"480\" data-mobile_size=\"50\" style=\"height: 50px;\"><\/div>[\/vc_column][\/vc_row][vc_row][vc_column col_shadow=&#8220;box_shadow_enable:disable|shadow_horizontal:0|shadow_vertical:15|shadow_blur:50|shadow_spread:0|box_shadow_color:rgba(0%2C0%2C0%2C0.35)&#8220; col_shadow_hover=&#8220;box_shadow_enable:disable|shadow_horizontal:0|shadow_vertical:15|shadow_blur:50|shadow_spread:0|box_shadow_color:rgba(0%2C0%2C0%2C0.35)&#8220;]<div class=\"dfd-heading-shortcode\"><div class=\"dfd-heading-module-wrap  text-left style_01 dfd-heading-69e2630a345e5 dfd-disable-resposive-headings\" id=\"dfd-heading-69e2630a345e5\" ><div class=\"inline-block\"><div class=\"dfd-heading-module\"><h2 class=\"widget-title dfd-title \" style=\"\">Verlangen Ihre Rechte<\/h2><\/div><\/div><\/div><script type=\"text\/javascript\">\r\n\t\t\t\t\t\t\t\t\t(function($) {\r\n\t\t\t\t\t\t\t\t\t\t$(\"head\").append(\"<style>.dfd-heading-69e2630a345e5.dfd-heading-module-wrap .dfd-heading-module .dfd-heading-delimiter {margin-top:10px;margin-bottom:10px;}<\/style>\");\r\n\t\t\t\t\t\t\t\t\t})(jQuery);\r\n\t\t\t\t\t\t\t\t<\/script><\/div>[vc_column_text]Unsere Verpflichtung besteht darin, Ihnen zu jeder Zeit die pers\u00f6nlichen Daten zur Verf\u00fcgung zu stellen, die wir \u00fcber Sie von unserer Website erfasst haben Sie haben daher die M\u00f6glichkeit, diese auf Ihren Wunsch zu \u00e4ndern oder sogar zu l\u00f6schen, sofern keine gesetzliche Verpflichtung besteht, diese zu halten.<\/p>\n<p>Wir weisen jedoch darauf hin, dass das L\u00f6schen Ihrer pers\u00f6nlichen Daten die Nutzung bestimmter Funktionen unserer Website verhindern kann.<\/p>\n<p>Um uns diesbez\u00fcglich zu kontaktieren, kontaktieren Sie bitte unsere Datenschutzerkl\u00e4rung unter folgender E-Mail-Adresse: <a href=\"mailto:publication@pemamo.com\" target=\"_blank\" rel=\"noopener\">publication@pemamo.com<\/a>.<\/p>\n<p>Wir weisen darauf hin, dass die \u00dcbertragung personenbezogener Daten im Internet (zB bei der Kommunikation per E-Mail) Sicherheitsl\u00fccken aufweisen kann. Ein l\u00fcckenloser Schutz der Daten vor dem Zugriff durch Dritte ist nicht m\u00f6glich.[\/vc_column_text]<div class=\"dfd-spacer-module\"  data-units=\"px\" data-wide_resolution=\"1280\" data-wide_size=\"50\" data-normal_resolution=\"1024\" data-normal_size=\"50\" data-tablet_resolution=\"800\" data-tablet_size=\"50\" data-mobile_resolution=\"480\" data-mobile_size=\"50\" style=\"height: 50px;\"><\/div>[\/vc_column][\/vc_row][vc_row][vc_column col_shadow=&#8220;box_shadow_enable:disable|shadow_horizontal:0|shadow_vertical:15|shadow_blur:50|shadow_spread:0|box_shadow_color:rgba(0%2C0%2C0%2C0.35)&#8220; col_shadow_hover=&#8220;box_shadow_enable:disable|shadow_horizontal:0|shadow_vertical:15|shadow_blur:50|shadow_spread:0|box_shadow_color:rgba(0%2C0%2C0%2C0.35)&#8220;]<div class=\"dfd-heading-shortcode\"><div class=\"dfd-heading-module-wrap  text-left style_01 dfd-heading-69e2630a34697 dfd-disable-resposive-headings\" id=\"dfd-heading-69e2630a34697\" ><div class=\"inline-block\"><div class=\"dfd-heading-module\"><h2 class=\"widget-title dfd-title \" style=\"\">Unsere \u00c4nderungsrechte<\/h2><\/div><\/div><\/div><script type=\"text\/javascript\">\r\n\t\t\t\t\t\t\t\t\t(function($) {\r\n\t\t\t\t\t\t\t\t\t\t$(\"head\").append(\"<style>.dfd-heading-69e2630a34697.dfd-heading-module-wrap .dfd-heading-module .dfd-heading-delimiter {margin-top:10px;margin-bottom:10px;}<\/style>\");\r\n\t\t\t\t\t\t\t\t\t})(jQuery);\r\n\t\t\t\t\t\t\t\t<\/script><\/div>[vc_column_text]Wir behalten uns das Recht vor, diese Datenschutzerkl\u00e4rung bei Bedarf zu \u00e4ndern, zum Beispiel beim Start neuer Dienste oder zur Erf\u00fcllung aktueller gesetzlicher Anforderungen.[\/vc_column_text][\/vc_column][\/vc_row][vc_row][vc_column]<div class=\"dfd-spacer-module\"  data-units=\"px\" data-wide_resolution=\"1280\" data-wide_size=\"100\" data-normal_resolution=\"1024\" data-normal_size=\"100\" data-tablet_resolution=\"800\" data-tablet_size=\"100\" data-mobile_resolution=\"480\" data-mobile_size=\"100\" style=\"height: 100px;\"><\/div>[\/vc_column][\/vc_row]<\/p>\n<\/div>","protected":false},"excerpt":{"rendered":"<p>[vc_row][vc_column][\/vc_column][\/vc_row][vc_row][vc_column col_shadow=&#8220;box_shadow_enable:disable|shadow_horizontal:0|shadow_vertical:15|shadow_blur:50|shadow_spread:0|box_shadow_color:rgba(0%2C0%2C0%2C0.35)&#8220; col_shadow_hover=&#8220;box_shadow_enable:disable|shadow_horizontal:0|shadow_vertical:15|shadow_blur:50|shadow_spread:0|box_shadow_color:rgba(0%2C0%2C0%2C0.35)&#8220;][vc_column_text]LPEMAMO SA (nachher bezeichnet von \u00ab Wir \u00bb) ist auch Gastgeber dieser Website und in dieser Funktion f\u00fcr die Verarbeitung personenbezogener Daten gem\u00e4\u00df der Datenschutzerkl\u00e4rung der Nutzer (nachher<\/p>\n","protected":false},"author":4,"featured_media":0,"parent":0,"menu_order":0,"comment_status":"closed","ping_status":"closed","template":"page-custom-with-header.php","meta":{"footnotes":""},"class_list":["post-2621","page","type-page","status-publish","hentry"],"yoast_head":"<!-- This site is optimized with the Yoast SEO plugin v27.2 - https:\/\/yoast.com\/product\/yoast-seo-wordpress\/ -->\n<title>Allgemeine Bedingungen - Pemamo<\/title>\n<meta name=\"robots\" content=\"index, follow, max-snippet:-1, max-image-preview:large, max-video-preview:-1\" \/>\n<link rel=\"canonical\" href=\"https:\/\/pemamo.ch\/conditions-generales\/\" \/>\n<meta property=\"og:locale\" content=\"de_DE\" \/>\n<meta property=\"og:type\" content=\"article\" \/>\n<meta property=\"og:title\" content=\"Allgemeine Bedingungen - Pemamo\" \/>\n<meta property=\"og:description\" content=\"[vc_row][vc_column][\/vc_column][\/vc_row][vc_row][vc_column col_shadow=&#8220;box_shadow_enable:disable|shadow_horizontal:0|shadow_vertical:15|shadow_blur:50|shadow_spread:0|box_shadow_color:rgba(0%2C0%2C0%2C0.35)&#8220; col_shadow_hover=&#8220;box_shadow_enable:disable|shadow_horizontal:0|shadow_vertical:15|shadow_blur:50|shadow_spread:0|box_shadow_color:rgba(0%2C0%2C0%2C0.35)&#8220;][vc_column_text]LPEMAMO SA (nachher bezeichnet von \u00ab Wir \u00bb) ist auch Gastgeber dieser Website und in dieser Funktion f\u00fcr die Verarbeitung personenbezogener Daten gem\u00e4\u00df der Datenschutzerkl\u00e4rung der Nutzer (nachher\" \/>\n<meta property=\"og:url\" content=\"https:\/\/pemamo.ch\/conditions-generales\/\" \/>\n<meta property=\"og:site_name\" content=\"Pemamo\" \/>\n<meta property=\"article:modified_time\" content=\"2022-03-25T09:02:23+00:00\" \/>\n<meta name=\"twitter:card\" content=\"summary_large_image\" \/>\n<meta name=\"twitter:label1\" content=\"Gesch\u00e4tzte Lesezeit\" \/>\n\t<meta name=\"twitter:data1\" content=\"4\u00a0Minuten\" \/>\n<script type=\"application\/ld+json\" class=\"yoast-schema-graph\">{\"@context\":\"https:\/\/schema.org\",\"@graph\":[{\"@type\":\"WebPage\",\"@id\":\"https:\/\/pemamo.ch\/conditions-generales\/\",\"url\":\"https:\/\/pemamo.ch\/conditions-generales\/\",\"name\":\"Allgemeine Bedingungen - Pemamo\",\"isPartOf\":{\"@id\":\"https:\/\/pemamo.ch\/#website\"},\"datePublished\":\"2021-11-18T15:50:34+00:00\",\"dateModified\":\"2022-03-25T09:02:23+00:00\",\"breadcrumb\":{\"@id\":\"https:\/\/pemamo.ch\/conditions-generales\/#breadcrumb\"},\"inLanguage\":\"de\",\"potentialAction\":[{\"@type\":\"ReadAction\",\"target\":[\"https:\/\/pemamo.ch\/conditions-generales\/\"]}]},{\"@type\":\"BreadcrumbList\",\"@id\":\"https:\/\/pemamo.ch\/conditions-generales\/#breadcrumb\",\"itemListElement\":[{\"@type\":\"ListItem\",\"position\":1,\"name\":\"Home\",\"item\":\"https:\/\/pemamo.ch\/de\/\"},{\"@type\":\"ListItem\",\"position\":2,\"name\":\"Allgemeine Bedingungen\"}]},{\"@type\":\"WebSite\",\"@id\":\"https:\/\/pemamo.ch\/#website\",\"url\":\"https:\/\/pemamo.ch\/\",\"name\":\"Pemamo\",\"description\":\"Machines et outils de rodage\",\"potentialAction\":[{\"@type\":\"SearchAction\",\"target\":{\"@type\":\"EntryPoint\",\"urlTemplate\":\"https:\/\/pemamo.ch\/?s={search_term_string}\"},\"query-input\":{\"@type\":\"PropertyValueSpecification\",\"valueRequired\":true,\"valueName\":\"search_term_string\"}}],\"inLanguage\":\"de\"}]}<\/script>\n<!-- \/ Yoast SEO plugin. -->","yoast_head_json":{"title":"Allgemeine Bedingungen - Pemamo","robots":{"index":"index","follow":"follow","max-snippet":"max-snippet:-1","max-image-preview":"max-image-preview:large","max-video-preview":"max-video-preview:-1"},"canonical":"https:\/\/pemamo.ch\/conditions-generales\/","og_locale":"de_DE","og_type":"article","og_title":"Allgemeine Bedingungen - Pemamo","og_description":"[vc_row][vc_column][\/vc_column][\/vc_row][vc_row][vc_column col_shadow=&#8220;box_shadow_enable:disable|shadow_horizontal:0|shadow_vertical:15|shadow_blur:50|shadow_spread:0|box_shadow_color:rgba(0%2C0%2C0%2C0.35)&#8220; col_shadow_hover=&#8220;box_shadow_enable:disable|shadow_horizontal:0|shadow_vertical:15|shadow_blur:50|shadow_spread:0|box_shadow_color:rgba(0%2C0%2C0%2C0.35)&#8220;][vc_column_text]LPEMAMO SA (nachher bezeichnet von \u00ab Wir \u00bb) ist auch Gastgeber dieser Website und in dieser Funktion f\u00fcr die Verarbeitung personenbezogener Daten gem\u00e4\u00df der Datenschutzerkl\u00e4rung der Nutzer (nachher","og_url":"https:\/\/pemamo.ch\/conditions-generales\/","og_site_name":"Pemamo","article_modified_time":"2022-03-25T09:02:23+00:00","twitter_card":"summary_large_image","twitter_misc":{"Gesch\u00e4tzte Lesezeit":"4\u00a0Minuten"},"schema":{"@context":"https:\/\/schema.org","@graph":[{"@type":"WebPage","@id":"https:\/\/pemamo.ch\/conditions-generales\/","url":"https:\/\/pemamo.ch\/conditions-generales\/","name":"Allgemeine Bedingungen - Pemamo","isPartOf":{"@id":"https:\/\/pemamo.ch\/#website"},"datePublished":"2021-11-18T15:50:34+00:00","dateModified":"2022-03-25T09:02:23+00:00","breadcrumb":{"@id":"https:\/\/pemamo.ch\/conditions-generales\/#breadcrumb"},"inLanguage":"de","potentialAction":[{"@type":"ReadAction","target":["https:\/\/pemamo.ch\/conditions-generales\/"]}]},{"@type":"BreadcrumbList","@id":"https:\/\/pemamo.ch\/conditions-generales\/#breadcrumb","itemListElement":[{"@type":"ListItem","position":1,"name":"Home","item":"https:\/\/pemamo.ch\/de\/"},{"@type":"ListItem","position":2,"name":"Allgemeine Bedingungen"}]},{"@type":"WebSite","@id":"https:\/\/pemamo.ch\/#website","url":"https:\/\/pemamo.ch\/","name":"Pemamo","description":"Machines et outils de rodage","potentialAction":[{"@type":"SearchAction","target":{"@type":"EntryPoint","urlTemplate":"https:\/\/pemamo.ch\/?s={search_term_string}"},"query-input":{"@type":"PropertyValueSpecification","valueRequired":true,"valueName":"search_term_string"}}],"inLanguage":"de"}]}},"_links":{"self":[{"href":"https:\/\/pemamo.ch\/de\/wp-json\/wp\/v2\/pages\/2621","targetHints":{"allow":["GET"]}}],"collection":[{"href":"https:\/\/pemamo.ch\/de\/wp-json\/wp\/v2\/pages"}],"about":[{"href":"https:\/\/pemamo.ch\/de\/wp-json\/wp\/v2\/types\/page"}],"author":[{"embeddable":true,"href":"https:\/\/pemamo.ch\/de\/wp-json\/wp\/v2\/users\/4"}],"replies":[{"embeddable":true,"href":"https:\/\/pemamo.ch\/de\/wp-json\/wp\/v2\/comments?post=2621"}],"version-history":[{"count":12,"href":"https:\/\/pemamo.ch\/de\/wp-json\/wp\/v2\/pages\/2621\/revisions"}],"predecessor-version":[{"id":3037,"href":"https:\/\/pemamo.ch\/de\/wp-json\/wp\/v2\/pages\/2621\/revisions\/3037"}],"wp:attachment":[{"href":"https:\/\/pemamo.ch\/de\/wp-json\/wp\/v2\/media?parent=2621"}],"curies":[{"name":"wp","href":"https:\/\/api.w.org\/{rel}","templated":true}]}}