{"id":3628,"date":"2024-02-14T09:22:57","date_gmt":"2024-02-14T08:22:57","guid":{"rendered":"https:\/\/pemamo.ch\/?page_id=3628"},"modified":"2024-02-14T09:22:57","modified_gmt":"2024-02-14T08:22:57","slug":"grinding-hub","status":"publish","type":"page","link":"https:\/\/pemamo.ch\/de\/grinding-hub\/","title":{"rendered":"GRINDING HUB"},"content":{"rendered":"<div class=\"wpb-content-wrapper\"><p>[vc_row][vc_column]\n\t\t\t<!-- START Slider Grinding Hub REVOLUTION SLIDER 6.7.35 --><p class=\"rs-p-wp-fix\"><\/p>\n\t\t\t<rs-module-wrap id=\"rev_slider_11_1_wrapper\" data-source=\"gallery\" style=\"visibility:hidden;background:transparent;padding:0;margin:0px auto;margin-top:0;margin-bottom:0;\">\n\t\t\t\t<rs-module id=\"rev_slider_11_1\" style=\"\" data-version=\"6.7.35\">\n\t\t\t\t\t<rs-slides style=\"overflow: hidden; position: absolute;\">\n\t\t\t\t\t\t<rs-slide style=\"position: absolute;\" data-key=\"rs-21\" data-title=\"Slide\" data-anim=\"adpr:false;ms:60;\" data-in=\"o:0;\" data-out=\"a:false;\">\n\t\t\t\t\t\t\t<img decoding=\"async\" src=\"\/\/pemamo.ch\/wp-content\/plugins\/revslider\/sr6\/assets\/assets\/dummy.png\" alt=\"Pemamo Machines et outils de rodage\" title=\"Pemamo Machines et outils de rodage\" width=\"1920\" height=\"600\" class=\"rev-slidebg tp-rs-img rs-lazyload\" data-lazyload=\"\/\/pemamo.ch\/wp-content\/plugins\/revslider\/sr6\/assets\/assets\/transparent.png\" data-bg=\"c:#000000;\" data-no-retina>\n<!--\n\t\t\t\t\t\t\t--><rs-layer\n\t\t\t\t\t\t\t\tid=\"slider-11-slide-21-layer-0\" \n\t\t\t\t\t\t\t\tdata-type=\"text\"\n\t\t\t\t\t\t\t\tdata-rsp_ch=\"on\"\n\t\t\t\t\t\t\t\tdata-xy=\"x:l,c,c,c;xo:0,-296px,0,0;yo:188px,251px,687px,452px;\"\n\t\t\t\t\t\t\t\tdata-text=\"w:normal;s:48,40,40,40;l:60,40,38,40;fw:700;a:left,left,center,center;\"\n\t\t\t\t\t\t\t\tdata-dim=\"w:531px,438px,478px,363px;\"\n\t\t\t\t\t\t\t\tdata-frame_0=\"y:-54px,-44px,-33px,-20px;\"\n\t\t\t\t\t\t\t\tdata-frame_1=\"sp:730;\"\n\t\t\t\t\t\t\t\tdata-frame_999=\"o:0;st:w;sR:8270;\"\n\t\t\t\t\t\t\t\tstyle=\"z-index:7;font-family:'Montserrat';\"\n\t\t\t\t\t\t\t>GRINDING HUB  \n\t\t\t\t\t\t\t<\/rs-layer><!--\n\n\t\t\t\t\t\t\t--><rs-layer\n\t\t\t\t\t\t\t\tid=\"slider-11-slide-21-layer-1\" \n\t\t\t\t\t\t\t\tdata-type=\"text\"\n\t\t\t\t\t\t\t\tdata-color=\"#ffffff||#ffffff||#ffffff||#000000\"\n\t\t\t\t\t\t\t\tdata-rsp_ch=\"on\"\n\t\t\t\t\t\t\t\tdata-xy=\"x:l,l,c,c;y:m;yo:-78px,-156px,183px,65px;\"\n\t\t\t\t\t\t\t\tdata-text=\"w:normal;s:18,16,16,16;l:48,39,29,45;a:left,left,center,center;\"\n\t\t\t\t\t\t\t\tdata-dim=\"w:399px,390px,447px,365px;\"\n\t\t\t\t\t\t\t\tdata-frame_0=\"y:37px,30px,22px,13px;\"\n\t\t\t\t\t\t\t\tdata-frame_1=\"sp:720;\"\n\t\t\t\t\t\t\t\tdata-frame_999=\"o:0;st:w;sR:8280;\"\n\t\t\t\t\t\t\t\tstyle=\"z-index:8;font-family:'Montserrat';\"\n\t\t\t\t\t\t\t>Vom 14. bis 17. Mai 2024 \n\t\t\t\t\t\t\t<\/rs-layer><!--\n\n\t\t\t\t\t\t\t--><a\n\t\t\t\t\t\t\t\tid=\"slider-11-slide-21-layer-2\" \n\t\t\t\t\t\t\t\tclass=\"rs-layer rev-btn\"\n\t\t\t\t\t\t\t\thref=\"\/de\/kontakt\/\" target=\"_self\"\n\t\t\t\t\t\t\t\tdata-type=\"button\"\n\t\t\t\t\t\t\t\tdata-rsp_ch=\"on\"\n\t\t\t\t\t\t\t\tdata-xy=\"x:l,l,c,c;yo:396px,385px,809px,574px;\"\n\t\t\t\t\t\t\t\tdata-text=\"w:normal;s:22,18,20,27;l:32,26,19,17;a:center;\"\n\t\t\t\t\t\t\t\tdata-dim=\"minh:0px,none,none,none;\"\n\t\t\t\t\t\t\t\tdata-padding=\"t:10,8,6,12;r:40,33,25,23;b:10,8,6,12;l:40,33,25,23;\"\n\t\t\t\t\t\t\t\tdata-border=\"bos:solid;boc:#ff3438;bow:2px,2px,2px,2px;bor:30px,30px,30px,30px;\"\n\t\t\t\t\t\t\t\tdata-frame_0=\"x:0,0,0,0px;y:50,41,31,29px;\"\n\t\t\t\t\t\t\t\tdata-frame_1=\"x:0,0,0,0px;y:0,0,0,0px;sp:740;\"\n\t\t\t\t\t\t\t\tdata-frame_999=\"o:0;st:w;sR:8260;\"\n\t\t\t\t\t\t\t\tdata-frame_hover=\"c:#fff;bgc:#ff3438;boc:#ff3438;bor:30px,30px,30px,30px;bos:solid;bow:2px,2px,2px,2px;\"\n\t\t\t\t\t\t\t\tstyle=\"z-index:9;background-color:rgba(255,52,56,0);font-family:'Roboto';\"\n\t\t\t\t\t\t\t>Uns kontaktieren \n\t\t\t\t\t\t\t<\/a><!--\n\n\t\t\t\t\t\t\t--><rs-layer\n\t\t\t\t\t\t\t\tid=\"slider-11-slide-21-layer-3\" \n\t\t\t\t\t\t\t\tdata-type=\"image\"\n\t\t\t\t\t\t\t\tdata-rsp_ch=\"on\"\n\t\t\t\t\t\t\t\tdata-xy=\"xo:544px,449px,-1px,-2px;yo:115px,94px,-1px,-1px;\"\n\t\t\t\t\t\t\t\tdata-text=\"w:normal;s:20,16,12,7;l:0,20,15,9;\"\n\t\t\t\t\t\t\t\tdata-dim=\"w:695px,573px,781px,483px;h:521px,430px,586px,362px;\"\n\t\t\t\t\t\t\t\tdata-frame_999=\"o:0;st:w;sR:8700;\"\n\t\t\t\t\t\t\t\tstyle=\"z-index:10;\"\n\t\t\t\t\t\t\t><img decoding=\"async\" src=\"\/\/pemamo.ch\/wp-content\/plugins\/revslider\/sr6\/assets\/assets\/dummy.png\" alt=\"\" class=\"tp-rs-img rs-lazyload\" width=\"1000\" height=\"750\" data-lazyload=\"\/\/pemamo.ch\/wp-content\/uploads\/2023\/11\/banniere-pemamo.jpg\" data-no-retina> \n\t\t\t\t\t\t\t<\/rs-layer><!--\n\n\t\t\t\t\t\t\t--><rs-layer\n\t\t\t\t\t\t\t\tid=\"slider-11-slide-21-layer-6\" \n\t\t\t\t\t\t\t\tdata-type=\"text\"\n\t\t\t\t\t\t\t\tdata-color=\"#ffffff||#ffffff||#ffffff||#000000\"\n\t\t\t\t\t\t\t\tdata-rsp_ch=\"on\"\n\t\t\t\t\t\t\t\tdata-xy=\"x:l,l,c,c;y:m;yo:-36px,-156px,183px,65px;\"\n\t\t\t\t\t\t\t\tdata-text=\"w:normal;s:18,16,16,16;l:48,39,29,45;a:left,left,center,center;\"\n\t\t\t\t\t\t\t\tdata-dim=\"w:399px,390px,447px,365px;\"\n\t\t\t\t\t\t\t\tdata-frame_0=\"y:37px,30px,22px,13px;\"\n\t\t\t\t\t\t\t\tdata-frame_1=\"sp:720;\"\n\t\t\t\t\t\t\t\tdata-frame_999=\"o:0;st:w;sR:8280;\"\n\t\t\t\t\t\t\t\tstyle=\"z-index:8;font-family:'Montserrat';\"\n\t\t\t\t\t\t\t>In Stuttgart \n\t\t\t\t\t\t\t<\/rs-layer><!--\n-->\t\t\t\t\t<\/rs-slide>\n\t\t\t\t\t<\/rs-slides>\n\t\t\t\t<\/rs-module>\n\t\t\t\t<script>\n\t\t\t\t\tsetREVStartSize({c: 'rev_slider_11_1',rl:[1240,1024,778,480],el:[700,768,960,720],gw:[1240,1024,778,480],gh:[700,768,960,720],type:'standard',justify:'',layout:'fullwidth',mh:\"0\"});if (window.RS_MODULES!==undefined && window.RS_MODULES.modules!==undefined && window.RS_MODULES.modules[\"revslider111\"]!==undefined) {window.RS_MODULES.modules[\"revslider111\"].once = false;window.revapi11 = undefined;if (window.RS_MODULES.checkMinimal!==undefined) window.RS_MODULES.checkMinimal()}\n\t\t\t\t<\/script>\n\t\t\t<\/rs-module-wrap>\n\t\t\t<!-- END REVOLUTION SLIDER -->\n[\/vc_column][\/vc_row][vc_row][vc_column]<div class=\"dfd-spacer-module\"  data-units=\"px\" data-wide_resolution=\"1280\" data-wide_size=\"100\" data-normal_resolution=\"1024\" data-normal_size=\"80\" data-tablet_resolution=\"800\" data-tablet_size=\"50\" data-mobile_resolution=\"480\" data-mobile_size=\"30\" style=\"height: 100px;\"><\/div>[\/vc_column][\/vc_row][vc_row][vc_column width=&#8220;1\/3&#8243;]<div id=\"dfd-single-image-module69edcef6e6c2c-1214\" class=\"dfd-single-image-module  image-center \" ><img loading=\"lazy\" decoding=\"async\" src=\"https:\/\/pemamo.ch\/wp-content\/uploads\/2024\/02\/E-Mail_Signatur_ENG.jpg\" width=\"514\" height=\"150\"  alt=\"Image module\" \/><\/div><div class=\"dfd-spacer-module\"  data-units=\"px\" data-wide_resolution=\"1280\" data-wide_size=\"9\" data-normal_resolution=\"1024\" data-normal_size=\"\" data-tablet_resolution=\"800\" data-tablet_size=\"30\" data-mobile_resolution=\"480\" data-mobile_size=\"30\" style=\"height: 9px;\"><\/div><div id=\"dfd-single-image-module69edcef6e7100-9511\" class=\"dfd-single-image-module  image-center \" ><img loading=\"lazy\" decoding=\"async\" src=\"https:\/\/pemamo.ch\/wp-content\/uploads\/2024\/02\/pemamo-machine.jpg\" width=\"800\" height=\"800\"  alt=\"Image module\" \/><\/div><div class=\"dfd-spacer-module\"  data-units=\"px\" data-wide_resolution=\"1280\" data-wide_size=\"9\" data-normal_resolution=\"1024\" data-normal_size=\"\" data-tablet_resolution=\"800\" data-tablet_size=\"30\" data-mobile_resolution=\"480\" data-mobile_size=\"30\" style=\"height: 9px;\"><\/div>[\/vc_column][vc_column width=&#8220;2\/3&#8243; dfd_column_responsive_enable=&#8220;dfd-column-responsive-enable&#8220; css=&#8220;.vc_custom_1707812524083{padding-left: 50px !important;}&#8220; col_shadow=&#8220;box_shadow_enable:disable|shadow_horizontal:0|shadow_vertical:15|shadow_blur:50|shadow_spread:0|box_shadow_color:rgba(0%2C0%2C0%2C.35)&#8220; col_shadow_hover=&#8220;box_shadow_enable:disable|shadow_horizontal:0|shadow_vertical:15|shadow_blur:50|shadow_spread:0|box_shadow_color:rgba(0%2C0%2C0%2C.35)&#8220; responsive_styles=&#8220;padding_left_mobile:20&#8243;][vc_column_text]Sehr geehrter Kunde,<\/p>\n<p>Wir freuen uns, Sie an unserem Stand auf der <strong>Grinding Hub-Ausstellung in Stuttgart vom 14. bis 17. Mai 2024<\/strong> willkommen zu hei\u00dfen. Entdecken Sie unsere vertikale Doppelspindel Honmaschine ausgestattet mit zwei integrierten Messstationen, die eine au\u00dfergew\u00f6hnliche Pr\u00e4zision beim Honen von Bohrungen in allen Materialien bietet.<\/p>\n<p>Wir laden Sie herzlich ein mit unseren Spezialisten in Kontakt zu treten. F\u00fcr die Vereinbarung eines Termins oder um Eintrittskarten zu erhalten, z\u00f6gern Sie nicht uns zu kontaktieren. Wir w\u00fcrden uns freuen, Sie als unsere G\u00e4ste begr\u00fc\u00dfen zu d\u00fcrfen.<\/p>\n<p>Mit freundlichen Gr\u00fc\u00dfen,<\/p>\n<p><a href=\"mailto:pemamo@pemamo.com\">pemamo@pemamo.com<\/a>[\/vc_column_text]<div class=\"dfd-spacer-module\"  data-units=\"px\" data-wide_resolution=\"1280\" data-wide_size=\"30\" data-normal_resolution=\"1024\" data-normal_size=\"30\" data-tablet_resolution=\"800\" data-tablet_size=\"30\" data-mobile_resolution=\"480\" data-mobile_size=\"30\" style=\"height: 30px;\"><\/div><div id=\"dfd-single-image-module69edcef6e75ab-9634\" class=\"dfd-single-image-module  image-center \" ><img loading=\"lazy\" decoding=\"async\" src=\"https:\/\/pemamo.ch\/wp-content\/uploads\/2024\/02\/stand.png\" width=\"768\" height=\"417\"  alt=\"Image module\" \/><\/div>[\/vc_column][\/vc_row][vc_row][vc_column]<div class=\"dfd-spacer-module\"  data-units=\"px\" data-wide_resolution=\"1280\" data-wide_size=\"100\" data-normal_resolution=\"1024\" data-normal_size=\"80\" data-tablet_resolution=\"800\" data-tablet_size=\"50\" data-mobile_resolution=\"480\" data-mobile_size=\"30\" style=\"height: 100px;\"><\/div>[\/vc_column][\/vc_row]<\/p>\n<\/div>","protected":false},"excerpt":{"rendered":"<p>[vc_row][vc_column][\/vc_column][\/vc_row][vc_row][vc_column][\/vc_column][\/vc_row][vc_row][vc_column width=&#8220;1\/3&#8243;][\/vc_column][vc_column width=&#8220;2\/3&#8243; dfd_column_responsive_enable=&#8220;dfd-column-responsive-enable&#8220; css=&#8220;.vc_custom_1707812524083{padding-left: 50px !important;}&#8220; col_shadow=&#8220;box_shadow_enable:disable|shadow_horizontal:0|shadow_vertical:15|shadow_blur:50|shadow_spread:0|box_shadow_color:rgba(0%2C0%2C0%2C.35)&#8220; col_shadow_hover=&#8220;box_shadow_enable:disable|shadow_horizontal:0|shadow_vertical:15|shadow_blur:50|shadow_spread:0|box_shadow_color:rgba(0%2C0%2C0%2C.35)&#8220; responsive_styles=&#8220;padding_left_mobile:20&#8243;][vc_column_text]Sehr geehrter Kunde, Wir freuen uns, Sie an unserem Stand auf der Grinding Hub-Ausstellung in Stuttgart vom 14. bis 17. Mai<\/p>\n","protected":false},"author":4,"featured_media":0,"parent":0,"menu_order":0,"comment_status":"closed","ping_status":"closed","template":"page-custom.php","meta":{"footnotes":""},"class_list":["post-3628","page","type-page","status-publish","hentry"],"yoast_head":"<!-- This site is optimized with the Yoast SEO plugin v27.2 - https:\/\/yoast.com\/product\/yoast-seo-wordpress\/ -->\n<title>GRINDING HUB - Pemamo<\/title>\n<meta name=\"robots\" content=\"index, follow, max-snippet:-1, max-image-preview:large, max-video-preview:-1\" \/>\n<link rel=\"canonical\" href=\"https:\/\/pemamo.ch\/grinding-hub\/\" \/>\n<meta property=\"og:locale\" content=\"de_DE\" \/>\n<meta property=\"og:type\" content=\"article\" \/>\n<meta property=\"og:title\" content=\"GRINDING HUB - Pemamo\" \/>\n<meta property=\"og:description\" content=\"[vc_row][vc_column][\/vc_column][\/vc_row][vc_row][vc_column][\/vc_column][\/vc_row][vc_row][vc_column width=&#8220;1\/3&#8243;][\/vc_column][vc_column width=&#8220;2\/3&#8243; dfd_column_responsive_enable=&#8220;dfd-column-responsive-enable&#8220; css=&#8220;.vc_custom_1707812524083{padding-left: 50px !important;}&#8220; col_shadow=&#8220;box_shadow_enable:disable|shadow_horizontal:0|shadow_vertical:15|shadow_blur:50|shadow_spread:0|box_shadow_color:rgba(0%2C0%2C0%2C.35)&#8220; col_shadow_hover=&#8220;box_shadow_enable:disable|shadow_horizontal:0|shadow_vertical:15|shadow_blur:50|shadow_spread:0|box_shadow_color:rgba(0%2C0%2C0%2C.35)&#8220; responsive_styles=&#8220;padding_left_mobile:20&#8243;][vc_column_text]Sehr geehrter Kunde, Wir freuen uns, Sie an unserem Stand auf der Grinding Hub-Ausstellung in Stuttgart vom 14. bis 17. Mai\" \/>\n<meta property=\"og:url\" content=\"https:\/\/pemamo.ch\/grinding-hub\/\" \/>\n<meta property=\"og:site_name\" content=\"Pemamo\" \/>\n<meta name=\"twitter:card\" content=\"summary_large_image\" \/>\n<meta name=\"twitter:label1\" content=\"Gesch\u00e4tzte Lesezeit\" \/>\n\t<meta name=\"twitter:data1\" content=\"1\u00a0Minute\" \/>\n<script type=\"application\/ld+json\" class=\"yoast-schema-graph\">{\"@context\":\"https:\/\/schema.org\",\"@graph\":[{\"@type\":\"WebPage\",\"@id\":\"https:\/\/pemamo.ch\/grinding-hub\/\",\"url\":\"https:\/\/pemamo.ch\/grinding-hub\/\",\"name\":\"GRINDING HUB - Pemamo\",\"isPartOf\":{\"@id\":\"https:\/\/pemamo.ch\/#website\"},\"datePublished\":\"2024-02-14T08:22:57+00:00\",\"breadcrumb\":{\"@id\":\"https:\/\/pemamo.ch\/grinding-hub\/#breadcrumb\"},\"inLanguage\":\"de\",\"potentialAction\":[{\"@type\":\"ReadAction\",\"target\":[\"https:\/\/pemamo.ch\/grinding-hub\/\"]}]},{\"@type\":\"BreadcrumbList\",\"@id\":\"https:\/\/pemamo.ch\/grinding-hub\/#breadcrumb\",\"itemListElement\":[{\"@type\":\"ListItem\",\"position\":1,\"name\":\"Home\",\"item\":\"https:\/\/pemamo.ch\/de\/\"},{\"@type\":\"ListItem\",\"position\":2,\"name\":\"GRINDING HUB\"}]},{\"@type\":\"WebSite\",\"@id\":\"https:\/\/pemamo.ch\/#website\",\"url\":\"https:\/\/pemamo.ch\/\",\"name\":\"Pemamo\",\"description\":\"Machines et outils de rodage\",\"potentialAction\":[{\"@type\":\"SearchAction\",\"target\":{\"@type\":\"EntryPoint\",\"urlTemplate\":\"https:\/\/pemamo.ch\/?s={search_term_string}\"},\"query-input\":{\"@type\":\"PropertyValueSpecification\",\"valueRequired\":true,\"valueName\":\"search_term_string\"}}],\"inLanguage\":\"de\"}]}<\/script>\n<!-- \/ Yoast SEO plugin. -->","yoast_head_json":{"title":"GRINDING HUB - Pemamo","robots":{"index":"index","follow":"follow","max-snippet":"max-snippet:-1","max-image-preview":"max-image-preview:large","max-video-preview":"max-video-preview:-1"},"canonical":"https:\/\/pemamo.ch\/grinding-hub\/","og_locale":"de_DE","og_type":"article","og_title":"GRINDING HUB - Pemamo","og_description":"[vc_row][vc_column][\/vc_column][\/vc_row][vc_row][vc_column][\/vc_column][\/vc_row][vc_row][vc_column width=&#8220;1\/3&#8243;][\/vc_column][vc_column width=&#8220;2\/3&#8243; dfd_column_responsive_enable=&#8220;dfd-column-responsive-enable&#8220; css=&#8220;.vc_custom_1707812524083{padding-left: 50px !important;}&#8220; col_shadow=&#8220;box_shadow_enable:disable|shadow_horizontal:0|shadow_vertical:15|shadow_blur:50|shadow_spread:0|box_shadow_color:rgba(0%2C0%2C0%2C.35)&#8220; col_shadow_hover=&#8220;box_shadow_enable:disable|shadow_horizontal:0|shadow_vertical:15|shadow_blur:50|shadow_spread:0|box_shadow_color:rgba(0%2C0%2C0%2C.35)&#8220; responsive_styles=&#8220;padding_left_mobile:20&#8243;][vc_column_text]Sehr geehrter Kunde, Wir freuen uns, Sie an unserem Stand auf der Grinding Hub-Ausstellung in Stuttgart vom 14. bis 17. Mai","og_url":"https:\/\/pemamo.ch\/grinding-hub\/","og_site_name":"Pemamo","twitter_card":"summary_large_image","twitter_misc":{"Gesch\u00e4tzte Lesezeit":"1\u00a0Minute"},"schema":{"@context":"https:\/\/schema.org","@graph":[{"@type":"WebPage","@id":"https:\/\/pemamo.ch\/grinding-hub\/","url":"https:\/\/pemamo.ch\/grinding-hub\/","name":"GRINDING HUB - Pemamo","isPartOf":{"@id":"https:\/\/pemamo.ch\/#website"},"datePublished":"2024-02-14T08:22:57+00:00","breadcrumb":{"@id":"https:\/\/pemamo.ch\/grinding-hub\/#breadcrumb"},"inLanguage":"de","potentialAction":[{"@type":"ReadAction","target":["https:\/\/pemamo.ch\/grinding-hub\/"]}]},{"@type":"BreadcrumbList","@id":"https:\/\/pemamo.ch\/grinding-hub\/#breadcrumb","itemListElement":[{"@type":"ListItem","position":1,"name":"Home","item":"https:\/\/pemamo.ch\/de\/"},{"@type":"ListItem","position":2,"name":"GRINDING HUB"}]},{"@type":"WebSite","@id":"https:\/\/pemamo.ch\/#website","url":"https:\/\/pemamo.ch\/","name":"Pemamo","description":"Machines et outils de rodage","potentialAction":[{"@type":"SearchAction","target":{"@type":"EntryPoint","urlTemplate":"https:\/\/pemamo.ch\/?s={search_term_string}"},"query-input":{"@type":"PropertyValueSpecification","valueRequired":true,"valueName":"search_term_string"}}],"inLanguage":"de"}]}},"_links":{"self":[{"href":"https:\/\/pemamo.ch\/de\/wp-json\/wp\/v2\/pages\/3628","targetHints":{"allow":["GET"]}}],"collection":[{"href":"https:\/\/pemamo.ch\/de\/wp-json\/wp\/v2\/pages"}],"about":[{"href":"https:\/\/pemamo.ch\/de\/wp-json\/wp\/v2\/types\/page"}],"author":[{"embeddable":true,"href":"https:\/\/pemamo.ch\/de\/wp-json\/wp\/v2\/users\/4"}],"replies":[{"embeddable":true,"href":"https:\/\/pemamo.ch\/de\/wp-json\/wp\/v2\/comments?post=3628"}],"version-history":[{"count":1,"href":"https:\/\/pemamo.ch\/de\/wp-json\/wp\/v2\/pages\/3628\/revisions"}],"predecessor-version":[{"id":3629,"href":"https:\/\/pemamo.ch\/de\/wp-json\/wp\/v2\/pages\/3628\/revisions\/3629"}],"wp:attachment":[{"href":"https:\/\/pemamo.ch\/de\/wp-json\/wp\/v2\/media?parent=3628"}],"curies":[{"name":"wp","href":"https:\/\/api.w.org\/{rel}","templated":true}]}}