{"id":2500,"date":"2022-03-03T14:19:29","date_gmt":"2021-11-18T07:47:59","guid":{"rendered":"https:\/\/pemamo.ch\/produit\/honahle-mit-galvanischer-bindung-typ-504-normale-ausfuehrung\/"},"modified":"2022-04-02T08:21:41","modified_gmt":"2022-04-02T06:21:41","slug":"honahle-mit-galvanischer-bindung-typ-504-normale-ausfuhrung","status":"publish","type":"product","link":"https:\/\/pemamo.ch\/de\/produit\/honahle-mit-galvanischer-bindung-typ-504-normale-ausfuhrung\/","title":{"rendered":"Honahle mit galvanischer Bindung Typ 504"},"content":{"rendered":"","protected":false},"excerpt":{"rendered":"<p>Bitte vervollst\u00e4ndigen Sie die untenstehenden Merkmale und f\u00fcgen Sie den Artikel dann zu Ihrer Angebotsanfrage hinzu.<\/p>\n<p>&nbsp;<\/p>\n<p>Wenn Sie die Spezifikationen nicht kennen, k\u00f6nnen Sie unseren <a style=\"color: #ff3438;\" href=\"https:\/\/pemamo.ch\/wp-content\/uploads\/2021\/04\/rodoir-504.pdf\" target=\"_blank\" rel=\"noopener\">Leitfaden zu den Abmessungen<\/a> unserer Standardwerkzeuge konsultieren.<\/p>\n<p>&nbsp;<\/p>\n<p>F\u00fcr Hilfestellung oder eine spezielle Abmessung nutzen Sie unser <a style=\"color: #ff3438;\" href=\"https:\/\/pemamo.ch\/de\/unterstuetzung\/\">Support Formular<\/a>.<\/p>\n","protected":false},"featured_media":1533,"template":"","meta":[],"product_brand":[],"product_cat":[43],"product_tag":[],"class_list":{"0":"post-2500","1":"product","2":"type-product","3":"status-publish","4":"has-post-thumbnail","6":"product_cat-honahlen-fuer-durchgangsbohrungen","8":"first","9":"instock","10":"shipping-taxable","11":"purchasable","12":"product-type-simple"},"yoast_head":"<!-- This site is optimized with the Yoast SEO plugin v27.2 - https:\/\/yoast.com\/product\/yoast-seo-wordpress\/ -->\n<title>Honahle mit galvanischer Bindung Typ 504 - Pemamo<\/title>\n<meta name=\"robots\" content=\"index, follow, max-snippet:-1, max-image-preview:large, max-video-preview:-1\" \/>\n<link rel=\"canonical\" href=\"https:\/\/pemamo.ch\/produit\/rodoir-avec-liant-galvanique-type-504-execution-normale\/\" \/>\n<meta property=\"og:locale\" content=\"de_DE\" \/>\n<meta property=\"og:type\" content=\"article\" \/>\n<meta property=\"og:title\" content=\"Honahle mit galvanischer Bindung Typ 504 - Pemamo\" \/>\n<meta property=\"og:description\" content=\"Bitte vervollst\u00e4ndigen Sie die untenstehenden Merkmale und f\u00fcgen Sie den Artikel dann zu Ihrer Angebotsanfrage hinzu.  &nbsp;  Wenn Sie die Spezifikationen nicht kennen, k\u00f6nnen Sie unseren Leitfaden zu den Abmessungen unserer Standardwerkzeuge konsultieren.  &nbsp;  F\u00fcr Hilfestellung oder eine spezielle Abmessung nutzen Sie unser Support Formular.\" \/>\n<meta property=\"og:url\" content=\"https:\/\/pemamo.ch\/produit\/rodoir-avec-liant-galvanique-type-504-execution-normale\/\" \/>\n<meta property=\"og:site_name\" content=\"Pemamo\" \/>\n<meta property=\"article:modified_time\" content=\"2022-04-02T06:21:41+00:00\" \/>\n<meta property=\"og:image\" content=\"https:\/\/pemamo.ch\/wp-content\/uploads\/2021\/04\/810.504.jpg\" \/>\n\t<meta property=\"og:image:width\" content=\"640\" \/>\n\t<meta property=\"og:image:height\" content=\"640\" \/>\n\t<meta property=\"og:image:type\" content=\"image\/jpeg\" \/>\n<meta name=\"twitter:card\" content=\"summary_large_image\" \/>\n<script type=\"application\/ld+json\" class=\"yoast-schema-graph\">{\"@context\":\"https:\/\/schema.org\",\"@graph\":[{\"@type\":\"WebPage\",\"@id\":\"https:\/\/pemamo.ch\/produit\/rodoir-avec-liant-galvanique-type-504-execution-normale\/\",\"url\":\"https:\/\/pemamo.ch\/produit\/rodoir-avec-liant-galvanique-type-504-execution-normale\/\",\"name\":\"Honahle mit galvanischer Bindung Typ 504 - Pemamo\",\"isPartOf\":{\"@id\":\"https:\/\/pemamo.ch\/#website\"},\"primaryImageOfPage\":{\"@id\":\"https:\/\/pemamo.ch\/produit\/rodoir-avec-liant-galvanique-type-504-execution-normale\/#primaryimage\"},\"image\":{\"@id\":\"https:\/\/pemamo.ch\/produit\/rodoir-avec-liant-galvanique-type-504-execution-normale\/#primaryimage\"},\"thumbnailUrl\":\"https:\/\/pemamo.ch\/wp-content\/uploads\/2021\/04\/810.504.jpg\",\"datePublished\":\"2021-11-18T07:47:59+00:00\",\"dateModified\":\"2022-04-02T06:21:41+00:00\",\"breadcrumb\":{\"@id\":\"https:\/\/pemamo.ch\/produit\/rodoir-avec-liant-galvanique-type-504-execution-normale\/#breadcrumb\"},\"inLanguage\":\"de\",\"potentialAction\":[{\"@type\":\"ReadAction\",\"target\":[\"https:\/\/pemamo.ch\/produit\/rodoir-avec-liant-galvanique-type-504-execution-normale\/\"]}]},{\"@type\":\"ImageObject\",\"inLanguage\":\"de\",\"@id\":\"https:\/\/pemamo.ch\/produit\/rodoir-avec-liant-galvanique-type-504-execution-normale\/#primaryimage\",\"url\":\"https:\/\/pemamo.ch\/wp-content\/uploads\/2021\/04\/810.504.jpg\",\"contentUrl\":\"https:\/\/pemamo.ch\/wp-content\/uploads\/2021\/04\/810.504.jpg\",\"width\":640,\"height\":640,\"caption\":\"Honahle mit galvanischer Bindung Typ 504 normale Ausf\u00fchrung\"},{\"@type\":\"BreadcrumbList\",\"@id\":\"https:\/\/pemamo.ch\/produit\/rodoir-avec-liant-galvanique-type-504-execution-normale\/#breadcrumb\",\"itemListElement\":[{\"@type\":\"ListItem\",\"position\":1,\"name\":\"Home\",\"item\":\"https:\/\/pemamo.ch\/de\/\"},{\"@type\":\"ListItem\",\"position\":2,\"name\":\"Shop\",\"item\":\"https:\/\/pemamo.ch\/de\/shop\/\"},{\"@type\":\"ListItem\",\"position\":3,\"name\":\"Honahle mit galvanischer Bindung Typ 504\"}]},{\"@type\":\"WebSite\",\"@id\":\"https:\/\/pemamo.ch\/#website\",\"url\":\"https:\/\/pemamo.ch\/\",\"name\":\"Pemamo\",\"description\":\"Machines et outils de rodage\",\"potentialAction\":[{\"@type\":\"SearchAction\",\"target\":{\"@type\":\"EntryPoint\",\"urlTemplate\":\"https:\/\/pemamo.ch\/?s={search_term_string}\"},\"query-input\":{\"@type\":\"PropertyValueSpecification\",\"valueRequired\":true,\"valueName\":\"search_term_string\"}}],\"inLanguage\":\"de\"}]}<\/script>\n<!-- \/ Yoast SEO plugin. -->","yoast_head_json":{"title":"Honahle mit galvanischer Bindung Typ 504 - Pemamo","robots":{"index":"index","follow":"follow","max-snippet":"max-snippet:-1","max-image-preview":"max-image-preview:large","max-video-preview":"max-video-preview:-1"},"canonical":"https:\/\/pemamo.ch\/produit\/rodoir-avec-liant-galvanique-type-504-execution-normale\/","og_locale":"de_DE","og_type":"article","og_title":"Honahle mit galvanischer Bindung Typ 504 - Pemamo","og_description":"Bitte vervollst\u00e4ndigen Sie die untenstehenden Merkmale und f\u00fcgen Sie den Artikel dann zu Ihrer Angebotsanfrage hinzu.  &nbsp;  Wenn Sie die Spezifikationen nicht kennen, k\u00f6nnen Sie unseren Leitfaden zu den Abmessungen unserer Standardwerkzeuge konsultieren.  &nbsp;  F\u00fcr Hilfestellung oder eine spezielle Abmessung nutzen Sie unser Support Formular.","og_url":"https:\/\/pemamo.ch\/produit\/rodoir-avec-liant-galvanique-type-504-execution-normale\/","og_site_name":"Pemamo","article_modified_time":"2022-04-02T06:21:41+00:00","og_image":[{"width":640,"height":640,"url":"https:\/\/pemamo.ch\/wp-content\/uploads\/2021\/04\/810.504.jpg","type":"image\/jpeg"}],"twitter_card":"summary_large_image","schema":{"@context":"https:\/\/schema.org","@graph":[{"@type":"WebPage","@id":"https:\/\/pemamo.ch\/produit\/rodoir-avec-liant-galvanique-type-504-execution-normale\/","url":"https:\/\/pemamo.ch\/produit\/rodoir-avec-liant-galvanique-type-504-execution-normale\/","name":"Honahle mit galvanischer Bindung Typ 504 - Pemamo","isPartOf":{"@id":"https:\/\/pemamo.ch\/#website"},"primaryImageOfPage":{"@id":"https:\/\/pemamo.ch\/produit\/rodoir-avec-liant-galvanique-type-504-execution-normale\/#primaryimage"},"image":{"@id":"https:\/\/pemamo.ch\/produit\/rodoir-avec-liant-galvanique-type-504-execution-normale\/#primaryimage"},"thumbnailUrl":"https:\/\/pemamo.ch\/wp-content\/uploads\/2021\/04\/810.504.jpg","datePublished":"2021-11-18T07:47:59+00:00","dateModified":"2022-04-02T06:21:41+00:00","breadcrumb":{"@id":"https:\/\/pemamo.ch\/produit\/rodoir-avec-liant-galvanique-type-504-execution-normale\/#breadcrumb"},"inLanguage":"de","potentialAction":[{"@type":"ReadAction","target":["https:\/\/pemamo.ch\/produit\/rodoir-avec-liant-galvanique-type-504-execution-normale\/"]}]},{"@type":"ImageObject","inLanguage":"de","@id":"https:\/\/pemamo.ch\/produit\/rodoir-avec-liant-galvanique-type-504-execution-normale\/#primaryimage","url":"https:\/\/pemamo.ch\/wp-content\/uploads\/2021\/04\/810.504.jpg","contentUrl":"https:\/\/pemamo.ch\/wp-content\/uploads\/2021\/04\/810.504.jpg","width":640,"height":640,"caption":"Honahle mit galvanischer Bindung Typ 504 normale Ausf\u00fchrung"},{"@type":"BreadcrumbList","@id":"https:\/\/pemamo.ch\/produit\/rodoir-avec-liant-galvanique-type-504-execution-normale\/#breadcrumb","itemListElement":[{"@type":"ListItem","position":1,"name":"Home","item":"https:\/\/pemamo.ch\/de\/"},{"@type":"ListItem","position":2,"name":"Shop","item":"https:\/\/pemamo.ch\/de\/shop\/"},{"@type":"ListItem","position":3,"name":"Honahle mit galvanischer Bindung Typ 504"}]},{"@type":"WebSite","@id":"https:\/\/pemamo.ch\/#website","url":"https:\/\/pemamo.ch\/","name":"Pemamo","description":"Machines et outils de rodage","potentialAction":[{"@type":"SearchAction","target":{"@type":"EntryPoint","urlTemplate":"https:\/\/pemamo.ch\/?s={search_term_string}"},"query-input":{"@type":"PropertyValueSpecification","valueRequired":true,"valueName":"search_term_string"}}],"inLanguage":"de"}]}},"_links":{"self":[{"href":"https:\/\/pemamo.ch\/de\/wp-json\/wp\/v2\/product\/2500","targetHints":{"allow":["GET"]}}],"collection":[{"href":"https:\/\/pemamo.ch\/de\/wp-json\/wp\/v2\/product"}],"about":[{"href":"https:\/\/pemamo.ch\/de\/wp-json\/wp\/v2\/types\/product"}],"wp:featuredmedia":[{"embeddable":true,"href":"https:\/\/pemamo.ch\/de\/wp-json\/wp\/v2\/media\/1533"}],"wp:attachment":[{"href":"https:\/\/pemamo.ch\/de\/wp-json\/wp\/v2\/media?parent=2500"}],"wp:term":[{"taxonomy":"product_brand","embeddable":true,"href":"https:\/\/pemamo.ch\/de\/wp-json\/wp\/v2\/product_brand?post=2500"},{"taxonomy":"product_cat","embeddable":true,"href":"https:\/\/pemamo.ch\/de\/wp-json\/wp\/v2\/product_cat?post=2500"},{"taxonomy":"product_tag","embeddable":true,"href":"https:\/\/pemamo.ch\/de\/wp-json\/wp\/v2\/product_tag?post=2500"}],"curies":[{"name":"wp","href":"https:\/\/api.w.org\/{rel}","templated":true}]}}