{"id":2519,"date":"2021-01-18T14:02:54","date_gmt":"2021-11-18T07:59:44","guid":{"rendered":"https:\/\/pemamo.ch\/produit\/handhongeraet-typ-1040\/"},"modified":"2024-02-22T08:50:08","modified_gmt":"2024-02-22T07:50:08","slug":"handhongeraet-typ-1040","status":"publish","type":"product","link":"https:\/\/pemamo.ch\/de\/produit\/handhongeraet-typ-1040\/","title":{"rendered":"Handhonger\u00e4t Typ 1040"},"content":{"rendered":"<div class=\"wpb-content-wrapper\"><p>[vc_row][vc_column width=&#8220;2\/3&#8243; col_shadow=&#8220;box_shadow_enable:disable|shadow_horizontal:0|shadow_vertical:15|shadow_blur:50|shadow_spread:0|box_shadow_color:rgba(0%2C0%2C0%2C0.35)&#8220; col_shadow_hover=&#8220;box_shadow_enable:disable|shadow_horizontal:0|shadow_vertical:15|shadow_blur:50|shadow_spread:0|box_shadow_color:rgba(0%2C0%2C0%2C0.35)&#8220;][vc_column_text el_class=&#8220;liste-puce&#8220;]<\/p>\n<ul>\n<li>Verwandelt Ihre Bohr-, Dreh- oder Fr\u00e4smaschine in eine hochpr\u00e4zise Honmaschine.<\/li>\n<li>Honsystem f\u00fcr mehr Pr\u00e4zision, einfach und schnell.<\/li>\n<li>Die Position der Mikrometertrommel ist w\u00e4hrend des Honvorgangs sichtbar.<\/li>\n<li>Durch die Wiederholgenauigkeit innerhalb von 1 \u00b5m k\u00f6nnen Ma\u00dfkontrollen auf ein Minimum reduziert werden.<\/li>\n<li>Durch die Konstruktion unserer Honahlen k\u00f6nnen auch unterbrochene Bohrungen oder Bohrungen mit Keilnut problemlos gehont werden. Zwei separate Bohrungen, ausgerichtet und \/ oder mit unterschiedlichen Durchmessern, k\u00f6nnen gleichzeitig gehont werden.<\/li>\n<li>Mit Drehmomentbegrenzer f\u00fcr kleine Durchmesser.<\/li>\n<\/ul>\n<p>[\/vc_column_text]<div id=\"dfd-icon-list-69e6450825216-3006\" class=\"dfd-icon-list-wrap  style-1  \" ><ul class=\"dfd-icon-list\"><li class=\"\"><div class=\"dfd-list-content clearfix \" style=\"\"><div class=\"dfd-list-icon-block text-center\" style=\"color:#595959; \"><i class = \"dfd-icon-download_2 dfd_icon_set-icon-download_2\"><\/i><\/div><div class=\"dfd-list-content-block content\"><a style=\"color: #ff3438;\" href=\"https:\/\/pemamo.ch\/wp-content\/uploads\/2023\/10\/appareils-rodage-814-1040.pdf\" target=\"_blank\" rel=\"noopener\"> Laden Sie die Brosch\u00fcre herunter<\/a><\/div><\/div><\/li><\/ul><\/div><script type=\"text\/javascript\">(function($) {$(\"head\").append(\"<style>#dfd-icon-list-69e6450825216-3006 .dfd-icon-list .content {style=&quot;font-size: 18px; &quot;}<\/style>\");})(jQuery);<\/script>[\/vc_column][vc_column width=&#8220;1\/3&#8243;]<div class=\"animation-container \" ><div id=\"video-player-69e6450825318-2881\" class=\"dfd-videoplayer style-1  text-center \"><div class=\"dfd-video-content video-content\" id=\"module_video_69e645082531a\"><div class=\"dfd-video-box no-thumb\"  ><div class=\"wpb_video_wrapper\"><iframe loading=\"lazy\" title=\"PEMAMO 220\/1040 - Appareil de rodage \/ Honing Apparatus \/ Honger\u00e4t\" width=\"995\" height=\"746\" src=\"https:\/\/www.youtube.com\/embed\/CJX0ee51zUg?feature=oembed\" frameborder=\"0\" allow=\"accelerometer; autoplay; clipboard-write; encrypted-media; gyroscope; picture-in-picture\" allowfullscreen><\/iframe><\/div><\/div><\/div><\/div><\/div><script type=\"text\/javascript\">\r\n\t\t\t\t\t\t\t(function($) {\r\n\t\t\t\t\t\t\t\t$(\"head\").append(\"<style><\/style>\");\r\n\t\t\t\t\t\t\t\t$(document).ready(function(){\r\n\t\t\t\t\t\t\t\t\tDFD_VideoModule.init(\"module_video_69e645082531a\",\"video-player-69e6450825318-2881\");\r\n\t\t\t\t\t\t\t\t});\r\n\t\t\t\t\t\t\t})(jQuery);\r\n\t\t\t\t\t\t<\/script>[\/vc_column][\/vc_row]<\/p>\n<\/div>","protected":false},"excerpt":{"rendered":"<ul>\n<li>Honbereich \u00d8 1,5 \u2013 70 mm<\/li>\n<li>Der gew\u00fcnschte Enddurchmesser wird durch einen mechanischen Anschlag eingestellt<\/li>\n<\/ul>\n<p>Bitte f\u00fcgen Sie den Artikel zu Ihrer Angebotsanfrage hinzu oder verwenden Sie unser <a style=\"color: #ff3438;\" href=\"https:\/\/pemamo.ch\/de\/unterstuetzung\/\">Support-Formular<\/a>, wenn Sie Hilfe ben\u00f6tigen.<\/p>\n","protected":false},"featured_media":1560,"template":"","meta":[],"product_brand":[],"product_cat":[44],"product_tag":[],"class_list":{"0":"post-2519","1":"product","2":"type-product","3":"status-publish","4":"has-post-thumbnail","6":"product_cat-gerate","8":"first","9":"instock","10":"shipping-taxable","11":"purchasable","12":"product-type-simple"},"yoast_head":"<!-- This site is optimized with the Yoast SEO plugin v27.2 - https:\/\/yoast.com\/product\/yoast-seo-wordpress\/ -->\n<title>Handhonger\u00e4t Typ 1040 - Pemamo<\/title>\n<meta name=\"robots\" content=\"index, follow, max-snippet:-1, max-image-preview:large, max-video-preview:-1\" \/>\n<link rel=\"canonical\" href=\"https:\/\/pemamo.ch\/produit\/rodage-manuel-type-1040\/\" \/>\n<meta property=\"og:locale\" content=\"de_DE\" \/>\n<meta property=\"og:type\" content=\"article\" \/>\n<meta property=\"og:title\" content=\"Handhonger\u00e4t Typ 1040 - Pemamo\" \/>\n<meta property=\"og:description\" content=\"Honbereich \u00d8 1,5 \u2013 70 mm  Der gew\u00fcnschte Enddurchmesser wird durch einen mechanischen Anschlag eingestellt  Bitte f\u00fcgen Sie den Artikel zu Ihrer Angebotsanfrage hinzu oder verwenden Sie unser Support-Formular, wenn Sie Hilfe ben\u00f6tigen.\" \/>\n<meta property=\"og:url\" content=\"https:\/\/pemamo.ch\/produit\/rodage-manuel-type-1040\/\" \/>\n<meta property=\"og:site_name\" content=\"Pemamo\" \/>\n<meta property=\"article:modified_time\" content=\"2024-02-22T07:50:08+00:00\" \/>\n<meta property=\"og:image\" content=\"https:\/\/pemamo.ch\/wp-content\/uploads\/2021\/04\/828.1040.jpg\" \/>\n\t<meta property=\"og:image:width\" content=\"640\" \/>\n\t<meta property=\"og:image:height\" content=\"640\" \/>\n\t<meta property=\"og:image:type\" content=\"image\/jpeg\" \/>\n<meta name=\"twitter:card\" content=\"summary_large_image\" \/>\n<meta name=\"twitter:label1\" content=\"Gesch\u00e4tzte Lesezeit\" \/>\n\t<meta name=\"twitter:data1\" content=\"1\u00a0Minute\" \/>\n<script type=\"application\/ld+json\" class=\"yoast-schema-graph\">{\"@context\":\"https:\/\/schema.org\",\"@graph\":[{\"@type\":\"WebPage\",\"@id\":\"https:\/\/pemamo.ch\/produit\/rodage-manuel-type-1040\/\",\"url\":\"https:\/\/pemamo.ch\/produit\/rodage-manuel-type-1040\/\",\"name\":\"Handhonger\u00e4t Typ 1040 - Pemamo\",\"isPartOf\":{\"@id\":\"https:\/\/pemamo.ch\/#website\"},\"primaryImageOfPage\":{\"@id\":\"https:\/\/pemamo.ch\/produit\/rodage-manuel-type-1040\/#primaryimage\"},\"image\":{\"@id\":\"https:\/\/pemamo.ch\/produit\/rodage-manuel-type-1040\/#primaryimage\"},\"thumbnailUrl\":\"https:\/\/pemamo.ch\/wp-content\/uploads\/2021\/04\/828.1040.jpg\",\"datePublished\":\"2021-11-18T07:59:44+00:00\",\"dateModified\":\"2024-02-22T07:50:08+00:00\",\"breadcrumb\":{\"@id\":\"https:\/\/pemamo.ch\/produit\/rodage-manuel-type-1040\/#breadcrumb\"},\"inLanguage\":\"de\",\"potentialAction\":[{\"@type\":\"ReadAction\",\"target\":[\"https:\/\/pemamo.ch\/produit\/rodage-manuel-type-1040\/\"]}]},{\"@type\":\"ImageObject\",\"inLanguage\":\"de\",\"@id\":\"https:\/\/pemamo.ch\/produit\/rodage-manuel-type-1040\/#primaryimage\",\"url\":\"https:\/\/pemamo.ch\/wp-content\/uploads\/2021\/04\/828.1040.jpg\",\"contentUrl\":\"https:\/\/pemamo.ch\/wp-content\/uploads\/2021\/04\/828.1040.jpg\",\"width\":640,\"height\":640,\"caption\":\"Handhonger\u00e4t Typ 1040\"},{\"@type\":\"BreadcrumbList\",\"@id\":\"https:\/\/pemamo.ch\/produit\/rodage-manuel-type-1040\/#breadcrumb\",\"itemListElement\":[{\"@type\":\"ListItem\",\"position\":1,\"name\":\"Home\",\"item\":\"https:\/\/pemamo.ch\/de\/\"},{\"@type\":\"ListItem\",\"position\":2,\"name\":\"Shop\",\"item\":\"https:\/\/pemamo.ch\/de\/shop\/\"},{\"@type\":\"ListItem\",\"position\":3,\"name\":\"Handhonger\u00e4t Typ 1040\"}]},{\"@type\":\"WebSite\",\"@id\":\"https:\/\/pemamo.ch\/#website\",\"url\":\"https:\/\/pemamo.ch\/\",\"name\":\"Pemamo\",\"description\":\"Machines et outils de rodage\",\"potentialAction\":[{\"@type\":\"SearchAction\",\"target\":{\"@type\":\"EntryPoint\",\"urlTemplate\":\"https:\/\/pemamo.ch\/?s={search_term_string}\"},\"query-input\":{\"@type\":\"PropertyValueSpecification\",\"valueRequired\":true,\"valueName\":\"search_term_string\"}}],\"inLanguage\":\"de\"}]}<\/script>\n<!-- \/ Yoast SEO plugin. -->","yoast_head_json":{"title":"Handhonger\u00e4t Typ 1040 - Pemamo","robots":{"index":"index","follow":"follow","max-snippet":"max-snippet:-1","max-image-preview":"max-image-preview:large","max-video-preview":"max-video-preview:-1"},"canonical":"https:\/\/pemamo.ch\/produit\/rodage-manuel-type-1040\/","og_locale":"de_DE","og_type":"article","og_title":"Handhonger\u00e4t Typ 1040 - Pemamo","og_description":"Honbereich \u00d8 1,5 \u2013 70 mm  Der gew\u00fcnschte Enddurchmesser wird durch einen mechanischen Anschlag eingestellt  Bitte f\u00fcgen Sie den Artikel zu Ihrer Angebotsanfrage hinzu oder verwenden Sie unser Support-Formular, wenn Sie Hilfe ben\u00f6tigen.","og_url":"https:\/\/pemamo.ch\/produit\/rodage-manuel-type-1040\/","og_site_name":"Pemamo","article_modified_time":"2024-02-22T07:50:08+00:00","og_image":[{"width":640,"height":640,"url":"https:\/\/pemamo.ch\/wp-content\/uploads\/2021\/04\/828.1040.jpg","type":"image\/jpeg"}],"twitter_card":"summary_large_image","twitter_misc":{"Gesch\u00e4tzte Lesezeit":"1\u00a0Minute"},"schema":{"@context":"https:\/\/schema.org","@graph":[{"@type":"WebPage","@id":"https:\/\/pemamo.ch\/produit\/rodage-manuel-type-1040\/","url":"https:\/\/pemamo.ch\/produit\/rodage-manuel-type-1040\/","name":"Handhonger\u00e4t Typ 1040 - Pemamo","isPartOf":{"@id":"https:\/\/pemamo.ch\/#website"},"primaryImageOfPage":{"@id":"https:\/\/pemamo.ch\/produit\/rodage-manuel-type-1040\/#primaryimage"},"image":{"@id":"https:\/\/pemamo.ch\/produit\/rodage-manuel-type-1040\/#primaryimage"},"thumbnailUrl":"https:\/\/pemamo.ch\/wp-content\/uploads\/2021\/04\/828.1040.jpg","datePublished":"2021-11-18T07:59:44+00:00","dateModified":"2024-02-22T07:50:08+00:00","breadcrumb":{"@id":"https:\/\/pemamo.ch\/produit\/rodage-manuel-type-1040\/#breadcrumb"},"inLanguage":"de","potentialAction":[{"@type":"ReadAction","target":["https:\/\/pemamo.ch\/produit\/rodage-manuel-type-1040\/"]}]},{"@type":"ImageObject","inLanguage":"de","@id":"https:\/\/pemamo.ch\/produit\/rodage-manuel-type-1040\/#primaryimage","url":"https:\/\/pemamo.ch\/wp-content\/uploads\/2021\/04\/828.1040.jpg","contentUrl":"https:\/\/pemamo.ch\/wp-content\/uploads\/2021\/04\/828.1040.jpg","width":640,"height":640,"caption":"Handhonger\u00e4t Typ 1040"},{"@type":"BreadcrumbList","@id":"https:\/\/pemamo.ch\/produit\/rodage-manuel-type-1040\/#breadcrumb","itemListElement":[{"@type":"ListItem","position":1,"name":"Home","item":"https:\/\/pemamo.ch\/de\/"},{"@type":"ListItem","position":2,"name":"Shop","item":"https:\/\/pemamo.ch\/de\/shop\/"},{"@type":"ListItem","position":3,"name":"Handhonger\u00e4t Typ 1040"}]},{"@type":"WebSite","@id":"https:\/\/pemamo.ch\/#website","url":"https:\/\/pemamo.ch\/","name":"Pemamo","description":"Machines et outils de rodage","potentialAction":[{"@type":"SearchAction","target":{"@type":"EntryPoint","urlTemplate":"https:\/\/pemamo.ch\/?s={search_term_string}"},"query-input":{"@type":"PropertyValueSpecification","valueRequired":true,"valueName":"search_term_string"}}],"inLanguage":"de"}]}},"_links":{"self":[{"href":"https:\/\/pemamo.ch\/de\/wp-json\/wp\/v2\/product\/2519","targetHints":{"allow":["GET"]}}],"collection":[{"href":"https:\/\/pemamo.ch\/de\/wp-json\/wp\/v2\/product"}],"about":[{"href":"https:\/\/pemamo.ch\/de\/wp-json\/wp\/v2\/types\/product"}],"wp:featuredmedia":[{"embeddable":true,"href":"https:\/\/pemamo.ch\/de\/wp-json\/wp\/v2\/media\/1560"}],"wp:attachment":[{"href":"https:\/\/pemamo.ch\/de\/wp-json\/wp\/v2\/media?parent=2519"}],"wp:term":[{"taxonomy":"product_brand","embeddable":true,"href":"https:\/\/pemamo.ch\/de\/wp-json\/wp\/v2\/product_brand?post=2519"},{"taxonomy":"product_cat","embeddable":true,"href":"https:\/\/pemamo.ch\/de\/wp-json\/wp\/v2\/product_cat?post=2519"},{"taxonomy":"product_tag","embeddable":true,"href":"https:\/\/pemamo.ch\/de\/wp-json\/wp\/v2\/product_tag?post=2519"}],"curies":[{"name":"wp","href":"https:\/\/api.w.org\/{rel}","templated":true}]}}