{"id":2834,"date":"2022-01-31T14:55:07","date_gmt":"2022-01-31T13:55:07","guid":{"rendered":"https:\/\/pemamo.ch\/?post_type=product&#038;p=2834"},"modified":"2023-11-08T10:04:43","modified_gmt":"2023-11-08T09:04:43","slug":"horizontale-honmaschine-mrl-150-250","status":"publish","type":"product","link":"https:\/\/pemamo.ch\/de\/produit\/horizontale-honmaschine-mrl-150-250\/","title":{"rendered":"Horizontale Honmaschine MRL 150 \/ 250"},"content":{"rendered":"<div class=\"wpb-content-wrapper\"><p>[vc_row][vc_column]<div class=\"dfd-spacer-module\"  data-units=\"px\" data-wide_resolution=\"1280\" data-wide_size=\"50\" data-normal_resolution=\"1024\" data-normal_size=\"50\" data-tablet_resolution=\"800\" data-tablet_size=\"50\" data-mobile_resolution=\"480\" data-mobile_size=\"80\" style=\"height: 50px;\"><\/div><div class=\"dfd-heading-shortcode\"><div class=\"dfd-heading-module-wrap  text-left style_01 cr-animate-gen dfd-heading-69d28bd0e6a81 dfd-disable-resposive-headings\" id=\"dfd-heading-69d28bd0e6a81\" data-animate-type = \"transition.slideRightBigIn\" ><div class=\"inline-block\"><div class=\"dfd-heading-module\"><h2 class=\"widget-title dfd-title \" style=\"\">Details<\/h2><\/div><\/div><\/div><script type=\"text\/javascript\">\r\n\t\t\t\t\t\t\t\t\t(function($) {\r\n\t\t\t\t\t\t\t\t\t\t$(\"head\").append(\"<style>.dfd-heading-69d28bd0e6a81.dfd-heading-module-wrap .dfd-heading-module .dfd-heading-delimiter {margin-top:10px;margin-bottom:10px;}<\/style>\");\r\n\t\t\t\t\t\t\t\t\t})(jQuery);\r\n\t\t\t\t\t\t\t\t<\/script><\/div><div class=\"dfd-spacer-module\"  data-units=\"px\" data-wide_resolution=\"1280\" data-wide_size=\"20\" data-normal_resolution=\"1024\" data-normal_size=\"20\" data-tablet_resolution=\"800\" data-tablet_size=\"20\" data-mobile_resolution=\"480\" data-mobile_size=\"20\" style=\"height: 20px;\"><\/div>[dfd_accordion style=&#8220;style-4&#8243; active_section=&#8220;&#8220; font_size=&#8220;14&#8243; icon_size=&#8220;14&#8243; module_animation=&#8220;transition.slideRightBigIn&#8220; border_color_radius=&#8220;#565656&#8243;][vc_tta_section title=&#8220;Technische Daten&#8220; tab_id=&#8220;1619012463606-488a60ab-76e9&#8243;][vc_column_text]<\/p>\n<ul>\n<li>1 oder 2 Spindeln<\/li>\n<li>Honbereich \u00d8 1,5 \u2013 70 mm<\/li>\n<li>Hubl\u00e4nge 0 \u2013 300 mm<\/li>\n<li>Spindeldrehzahl 150 &#8211; 2 500 U\/min<\/li>\n<li>Automatisches Aufweitsystem (1 \u2013 300 Sek.\/0,01 mm)<\/li>\n<li>K\u00fchler so positioniert, dass die Hitze die anderen Module nicht beeinflusst<\/li>\n<li>45 Liter \u00d6ltank mit Filterpapier<\/li>\n<li>Gewicht ~ 1 400 kg \/ ~ 1 500 kg<\/li>\n<li>Abmessungen 2 100 x 1 400 x 1 700 mm<\/li>\n<\/ul>\n<p>[\/vc_column_text][\/vc_tta_section][vc_tta_section title=&#8220;Wichtige Vorteile&#8220; tab_id=&#8220;1619012463631-81a7ff44-ae87&#8243;][vc_column_text]<\/p>\n<ul>\n<li>Produktionsmaschine f\u00fcr hohe Pr\u00e4zision.<\/li>\n<li>Automatische Aufweitung erm\u00f6glicht eine Wiederholbarkeit des Endma\u00dfes innerhalb von 1 \u00b5m.<\/li>\n<li>Anwendungsspezifische schwimmend gelagerte Aufspannung.<\/li>\n<li>Honbewegung angetrieben von einem Linearmotor.<\/li>\n<\/ul>\n<p>[\/vc_column_text][\/vc_tta_section][vc_tta_section title=&#8220;Zubeh\u00f6r&#8220; tab_id=&#8220;1619012564560-d44016f7-4c01&#8243;][vc_column_text]Automatischer Papierbandfilter kombiniert mit Kartuschenfilter[\/vc_column_text][\/vc_tta_section][\/dfd_accordion]<div class=\"dfd-spacer-module\"  data-units=\"px\" data-wide_resolution=\"1280\" data-wide_size=\"20\" data-normal_resolution=\"1024\" data-normal_size=\"20\" data-tablet_resolution=\"800\" data-tablet_size=\"20\" data-mobile_resolution=\"480\" data-mobile_size=\"20\" style=\"height: 20px;\"><\/div><div class=\"dfd-heading-shortcode\"><div class=\"dfd-heading-module-wrap  text-left style_01 cr-animate-gen dfd-heading-69d28bd0e6b64 dfd-disable-resposive-headings\" id=\"dfd-heading-69d28bd0e6b64\" data-animate-type = \"transition.slideRightBigIn\" ><div class=\"inline-block\"><div class=\"dfd-heading-module\"><h2 class=\"widget-title dfd-title \" style=\"\">Video<\/p>\n<p><\/h2><\/div><\/div><\/div><script type=\"text\/javascript\">\r\n\t\t\t\t\t\t\t\t\t(function($) {\r\n\t\t\t\t\t\t\t\t\t\t$(\"head\").append(\"<style>.dfd-heading-69d28bd0e6b64.dfd-heading-module-wrap .dfd-heading-module .dfd-heading-delimiter {margin-top:10px;margin-bottom:10px;}<\/style>\");\r\n\t\t\t\t\t\t\t\t\t})(jQuery);\r\n\t\t\t\t\t\t\t\t<\/script><\/div><div class=\"dfd-spacer-module\"  data-units=\"px\" data-wide_resolution=\"1280\" data-wide_size=\"20\" data-normal_resolution=\"1024\" data-normal_size=\"20\" data-tablet_resolution=\"800\" data-tablet_size=\"20\" data-mobile_resolution=\"480\" data-mobile_size=\"20\" style=\"height: 20px;\"><\/div>[vc_row_inner][vc_column_inner width=&#8220;1\/3&#8243;]<div class=\"animation-container \" ><div id=\"video-player-69d28bd0e6bf5-8673\" class=\"dfd-videoplayer style-1  text-center \"><div class=\"dfd-video-content video-content\" id=\"module_video_69d28bd0e6bf8\"><div class=\"dfd-video-box no-thumb\"  ><div class=\"wpb_video_wrapper\"><iframe loading=\"lazy\" title=\"PEMAMO MRL 150 Honing machine\" width=\"1200\" height=\"675\" src=\"https:\/\/www.youtube.com\/embed\/Xxp3U76wzk8?feature=oembed\" frameborder=\"0\" allow=\"accelerometer; autoplay; clipboard-write; encrypted-media; gyroscope; picture-in-picture\" allowfullscreen><\/iframe><\/div><\/div><\/div><\/div><\/div><script type=\"text\/javascript\">\r\n\t\t\t\t\t\t\t(function($) {\r\n\t\t\t\t\t\t\t\t$(\"head\").append(\"<style><\/style>\");\r\n\t\t\t\t\t\t\t\t$(document).ready(function(){\r\n\t\t\t\t\t\t\t\t\tDFD_VideoModule.init(\"module_video_69d28bd0e6bf8\",\"video-player-69d28bd0e6bf5-8673\");\r\n\t\t\t\t\t\t\t\t});\r\n\t\t\t\t\t\t\t})(jQuery);\r\n\t\t\t\t\t\t<\/script>[\/vc_column_inner][vc_column_inner width=&#8220;1\/3&#8243;][\/vc_column_inner][vc_column_inner width=&#8220;1\/3&#8243;][\/vc_column_inner][\/vc_row_inner]<div class=\"dfd-spacer-module\"  data-units=\"px\" data-wide_resolution=\"1280\" data-wide_size=\"20\" data-normal_resolution=\"1024\" data-normal_size=\"20\" data-tablet_resolution=\"800\" data-tablet_size=\"20\" data-mobile_resolution=\"480\" data-mobile_size=\"20\" style=\"height: 20px;\"><\/div>[\/vc_column][\/vc_row]<\/p>\n<\/div>","protected":false},"excerpt":{"rendered":"<p>Honbereich \u00d8 1,5 \u2013 70 mm<br \/>\n1 oder 2 Spindeln<br \/>\nAutomatische Aufweitung<br \/>\nLinearmotor<br \/>\n<a style=\"color: #ff3438;\" href=\"https:\/\/pemamo.ch\/wp-content\/uploads\/2021\/04\/mrl-150-250.pdf\" target=\"_blank\" rel=\"noopener\">Laden Sie die Brosch\u00fcre herunter<\/a><\/p>\n<p><strong><br \/>\n<\/strong>Bitte f\u00fcgen Sie den Artikel zu Ihrer Angebotsanfrage hinzu oder verwenden Sie unser <a style=\"color: #ff3438;\" href=\"https:\/\/pemamo.ch\/de\/unterstuetzung\/\">Support-Formular<\/a>, wenn Sie Hilfe ben\u00f6tigen.<\/p>\n","protected":false},"featured_media":1229,"template":"","meta":[],"product_brand":[],"product_cat":[47],"product_tag":[],"class_list":{"0":"post-2834","1":"product","2":"type-product","3":"status-publish","4":"has-post-thumbnail","6":"product_cat-maschinen-de","8":"first","9":"instock","10":"shipping-taxable","11":"purchasable","12":"product-type-simple"},"yoast_head":"<!-- This site is optimized with the Yoast SEO plugin v27.2 - https:\/\/yoast.com\/product\/yoast-seo-wordpress\/ -->\n<title>Horizontale Honmaschine MRL 150 \/ 250 - Pemamo<\/title>\n<meta name=\"robots\" content=\"index, follow, max-snippet:-1, max-image-preview:large, max-video-preview:-1\" \/>\n<link rel=\"canonical\" href=\"https:\/\/pemamo.ch\/produit\/machine-de-rodage-horizontal-mrl-150-250\/\" \/>\n<meta property=\"og:locale\" content=\"de_DE\" \/>\n<meta property=\"og:type\" content=\"article\" \/>\n<meta property=\"og:title\" content=\"Horizontale Honmaschine MRL 150 \/ 250 - Pemamo\" \/>\n<meta property=\"og:description\" content=\"Honbereich \u00d8 1,5 \u2013 70 mm 1 oder 2 Spindeln Automatische Aufweitung Linearmotor Laden Sie die Brosch\u00fcre herunter   Bitte f\u00fcgen Sie den Artikel zu Ihrer Angebotsanfrage hinzu oder verwenden Sie unser Support-Formular, wenn Sie Hilfe ben\u00f6tigen.\" \/>\n<meta property=\"og:url\" content=\"https:\/\/pemamo.ch\/produit\/machine-de-rodage-horizontal-mrl-150-250\/\" \/>\n<meta property=\"og:site_name\" content=\"Pemamo\" \/>\n<meta property=\"article:modified_time\" content=\"2023-11-08T09:04:43+00:00\" \/>\n<meta property=\"og:image\" content=\"https:\/\/pemamo.ch\/wp-content\/uploads\/2021\/04\/pemamo-MRL-150-250.jpg\" \/>\n\t<meta property=\"og:image:width\" content=\"569\" \/>\n\t<meta property=\"og:image:height\" content=\"569\" \/>\n\t<meta property=\"og:image:type\" content=\"image\/jpeg\" \/>\n<meta name=\"twitter:card\" content=\"summary_large_image\" \/>\n<meta name=\"twitter:label1\" content=\"Gesch\u00e4tzte Lesezeit\" \/>\n\t<meta name=\"twitter:data1\" content=\"1\u00a0Minute\" \/>\n<script type=\"application\/ld+json\" class=\"yoast-schema-graph\">{\"@context\":\"https:\/\/schema.org\",\"@graph\":[{\"@type\":\"WebPage\",\"@id\":\"https:\/\/pemamo.ch\/produit\/machine-de-rodage-horizontal-mrl-150-250\/\",\"url\":\"https:\/\/pemamo.ch\/produit\/machine-de-rodage-horizontal-mrl-150-250\/\",\"name\":\"Horizontale Honmaschine MRL 150 \/ 250 - Pemamo\",\"isPartOf\":{\"@id\":\"https:\/\/pemamo.ch\/#website\"},\"primaryImageOfPage\":{\"@id\":\"https:\/\/pemamo.ch\/produit\/machine-de-rodage-horizontal-mrl-150-250\/#primaryimage\"},\"image\":{\"@id\":\"https:\/\/pemamo.ch\/produit\/machine-de-rodage-horizontal-mrl-150-250\/#primaryimage\"},\"thumbnailUrl\":\"https:\/\/pemamo.ch\/wp-content\/uploads\/2021\/04\/pemamo-MRL-150-250.jpg\",\"datePublished\":\"2022-01-31T13:55:07+00:00\",\"dateModified\":\"2023-11-08T09:04:43+00:00\",\"breadcrumb\":{\"@id\":\"https:\/\/pemamo.ch\/produit\/machine-de-rodage-horizontal-mrl-150-250\/#breadcrumb\"},\"inLanguage\":\"de\",\"potentialAction\":[{\"@type\":\"ReadAction\",\"target\":[\"https:\/\/pemamo.ch\/produit\/machine-de-rodage-horizontal-mrl-150-250\/\"]}]},{\"@type\":\"ImageObject\",\"inLanguage\":\"de\",\"@id\":\"https:\/\/pemamo.ch\/produit\/machine-de-rodage-horizontal-mrl-150-250\/#primaryimage\",\"url\":\"https:\/\/pemamo.ch\/wp-content\/uploads\/2021\/04\/pemamo-MRL-150-250.jpg\",\"contentUrl\":\"https:\/\/pemamo.ch\/wp-content\/uploads\/2021\/04\/pemamo-MRL-150-250.jpg\",\"width\":569,\"height\":569,\"caption\":\"Horizontale Honmaschine MDR 140 \/ 240 NC\"},{\"@type\":\"BreadcrumbList\",\"@id\":\"https:\/\/pemamo.ch\/produit\/machine-de-rodage-horizontal-mrl-150-250\/#breadcrumb\",\"itemListElement\":[{\"@type\":\"ListItem\",\"position\":1,\"name\":\"Home\",\"item\":\"https:\/\/pemamo.ch\/de\/\"},{\"@type\":\"ListItem\",\"position\":2,\"name\":\"Shop\",\"item\":\"https:\/\/pemamo.ch\/de\/shop\/\"},{\"@type\":\"ListItem\",\"position\":3,\"name\":\"Horizontale Honmaschine MRL 150 \/ 250\"}]},{\"@type\":\"WebSite\",\"@id\":\"https:\/\/pemamo.ch\/#website\",\"url\":\"https:\/\/pemamo.ch\/\",\"name\":\"Pemamo\",\"description\":\"Machines et outils de rodage\",\"potentialAction\":[{\"@type\":\"SearchAction\",\"target\":{\"@type\":\"EntryPoint\",\"urlTemplate\":\"https:\/\/pemamo.ch\/?s={search_term_string}\"},\"query-input\":{\"@type\":\"PropertyValueSpecification\",\"valueRequired\":true,\"valueName\":\"search_term_string\"}}],\"inLanguage\":\"de\"}]}<\/script>\n<!-- \/ Yoast SEO plugin. -->","yoast_head_json":{"title":"Horizontale Honmaschine MRL 150 \/ 250 - Pemamo","robots":{"index":"index","follow":"follow","max-snippet":"max-snippet:-1","max-image-preview":"max-image-preview:large","max-video-preview":"max-video-preview:-1"},"canonical":"https:\/\/pemamo.ch\/produit\/machine-de-rodage-horizontal-mrl-150-250\/","og_locale":"de_DE","og_type":"article","og_title":"Horizontale Honmaschine MRL 150 \/ 250 - Pemamo","og_description":"Honbereich \u00d8 1,5 \u2013 70 mm 1 oder 2 Spindeln Automatische Aufweitung Linearmotor Laden Sie die Brosch\u00fcre herunter   Bitte f\u00fcgen Sie den Artikel zu Ihrer Angebotsanfrage hinzu oder verwenden Sie unser Support-Formular, wenn Sie Hilfe ben\u00f6tigen.","og_url":"https:\/\/pemamo.ch\/produit\/machine-de-rodage-horizontal-mrl-150-250\/","og_site_name":"Pemamo","article_modified_time":"2023-11-08T09:04:43+00:00","og_image":[{"width":569,"height":569,"url":"https:\/\/pemamo.ch\/wp-content\/uploads\/2021\/04\/pemamo-MRL-150-250.jpg","type":"image\/jpeg"}],"twitter_card":"summary_large_image","twitter_misc":{"Gesch\u00e4tzte Lesezeit":"1\u00a0Minute"},"schema":{"@context":"https:\/\/schema.org","@graph":[{"@type":"WebPage","@id":"https:\/\/pemamo.ch\/produit\/machine-de-rodage-horizontal-mrl-150-250\/","url":"https:\/\/pemamo.ch\/produit\/machine-de-rodage-horizontal-mrl-150-250\/","name":"Horizontale Honmaschine MRL 150 \/ 250 - Pemamo","isPartOf":{"@id":"https:\/\/pemamo.ch\/#website"},"primaryImageOfPage":{"@id":"https:\/\/pemamo.ch\/produit\/machine-de-rodage-horizontal-mrl-150-250\/#primaryimage"},"image":{"@id":"https:\/\/pemamo.ch\/produit\/machine-de-rodage-horizontal-mrl-150-250\/#primaryimage"},"thumbnailUrl":"https:\/\/pemamo.ch\/wp-content\/uploads\/2021\/04\/pemamo-MRL-150-250.jpg","datePublished":"2022-01-31T13:55:07+00:00","dateModified":"2023-11-08T09:04:43+00:00","breadcrumb":{"@id":"https:\/\/pemamo.ch\/produit\/machine-de-rodage-horizontal-mrl-150-250\/#breadcrumb"},"inLanguage":"de","potentialAction":[{"@type":"ReadAction","target":["https:\/\/pemamo.ch\/produit\/machine-de-rodage-horizontal-mrl-150-250\/"]}]},{"@type":"ImageObject","inLanguage":"de","@id":"https:\/\/pemamo.ch\/produit\/machine-de-rodage-horizontal-mrl-150-250\/#primaryimage","url":"https:\/\/pemamo.ch\/wp-content\/uploads\/2021\/04\/pemamo-MRL-150-250.jpg","contentUrl":"https:\/\/pemamo.ch\/wp-content\/uploads\/2021\/04\/pemamo-MRL-150-250.jpg","width":569,"height":569,"caption":"Horizontale Honmaschine MDR 140 \/ 240 NC"},{"@type":"BreadcrumbList","@id":"https:\/\/pemamo.ch\/produit\/machine-de-rodage-horizontal-mrl-150-250\/#breadcrumb","itemListElement":[{"@type":"ListItem","position":1,"name":"Home","item":"https:\/\/pemamo.ch\/de\/"},{"@type":"ListItem","position":2,"name":"Shop","item":"https:\/\/pemamo.ch\/de\/shop\/"},{"@type":"ListItem","position":3,"name":"Horizontale Honmaschine MRL 150 \/ 250"}]},{"@type":"WebSite","@id":"https:\/\/pemamo.ch\/#website","url":"https:\/\/pemamo.ch\/","name":"Pemamo","description":"Machines et outils de rodage","potentialAction":[{"@type":"SearchAction","target":{"@type":"EntryPoint","urlTemplate":"https:\/\/pemamo.ch\/?s={search_term_string}"},"query-input":{"@type":"PropertyValueSpecification","valueRequired":true,"valueName":"search_term_string"}}],"inLanguage":"de"}]}},"_links":{"self":[{"href":"https:\/\/pemamo.ch\/de\/wp-json\/wp\/v2\/product\/2834","targetHints":{"allow":["GET"]}}],"collection":[{"href":"https:\/\/pemamo.ch\/de\/wp-json\/wp\/v2\/product"}],"about":[{"href":"https:\/\/pemamo.ch\/de\/wp-json\/wp\/v2\/types\/product"}],"wp:featuredmedia":[{"embeddable":true,"href":"https:\/\/pemamo.ch\/de\/wp-json\/wp\/v2\/media\/1229"}],"wp:attachment":[{"href":"https:\/\/pemamo.ch\/de\/wp-json\/wp\/v2\/media?parent=2834"}],"wp:term":[{"taxonomy":"product_brand","embeddable":true,"href":"https:\/\/pemamo.ch\/de\/wp-json\/wp\/v2\/product_brand?post=2834"},{"taxonomy":"product_cat","embeddable":true,"href":"https:\/\/pemamo.ch\/de\/wp-json\/wp\/v2\/product_cat?post=2834"},{"taxonomy":"product_tag","embeddable":true,"href":"https:\/\/pemamo.ch\/de\/wp-json\/wp\/v2\/product_tag?post=2834"}],"curies":[{"name":"wp","href":"https:\/\/api.w.org\/{rel}","templated":true}]}}