{"id":2843,"date":"2022-01-31T14:00:25","date_gmt":"2022-01-31T13:30:25","guid":{"rendered":"https:\/\/pemamo.ch\/?post_type=product&#038;p=2843"},"modified":"2024-05-22T13:19:45","modified_gmt":"2024-05-22T11:19:45","slug":"vertikale-honmaschine-mvrl-160","status":"publish","type":"product","link":"https:\/\/pemamo.ch\/de\/produit\/vertikale-honmaschine-mvrl-160\/","title":{"rendered":"Vertikale Honmaschine MVRL 160"},"content":{"rendered":"<div class=\"wpb-content-wrapper\"><p>[vc_row][vc_column]<div class=\"dfd-spacer-module\"  data-units=\"px\" data-wide_resolution=\"1280\" data-wide_size=\"50\" data-normal_resolution=\"1024\" data-normal_size=\"50\" data-tablet_resolution=\"800\" data-tablet_size=\"50\" data-mobile_resolution=\"480\" data-mobile_size=\"80\" style=\"height: 50px;\"><\/div><div class=\"dfd-heading-shortcode\"><div class=\"dfd-heading-module-wrap  text-left style_01 cr-animate-gen dfd-heading-69e38d7a7af74 dfd-disable-resposive-headings\" id=\"dfd-heading-69e38d7a7af74\" data-animate-type = \"transition.slideRightBigIn\" ><div class=\"inline-block\"><div class=\"dfd-heading-module\"><h2 class=\"widget-title dfd-title \" style=\"\">Details<\/h2><\/div><\/div><\/div><script type=\"text\/javascript\">\r\n\t\t\t\t\t\t\t\t\t(function($) {\r\n\t\t\t\t\t\t\t\t\t\t$(\"head\").append(\"<style>.dfd-heading-69e38d7a7af74.dfd-heading-module-wrap .dfd-heading-module .dfd-heading-delimiter {margin-top:10px;margin-bottom:10px;}<\/style>\");\r\n\t\t\t\t\t\t\t\t\t})(jQuery);\r\n\t\t\t\t\t\t\t\t<\/script><\/div><div class=\"dfd-spacer-module\"  data-units=\"px\" data-wide_resolution=\"1280\" data-wide_size=\"20\" data-normal_resolution=\"1024\" data-normal_size=\"20\" data-tablet_resolution=\"800\" data-tablet_size=\"20\" data-mobile_resolution=\"480\" data-mobile_size=\"20\" style=\"height: 20px;\"><\/div>[dfd_accordion style=&#8220;style-4&#8243; active_section=&#8220;&#8220; font_size=&#8220;14&#8243; icon_size=&#8220;14&#8243; module_animation=&#8220;transition.slideRightBigIn&#8220; border_color_radius=&#8220;#565656&#8243;][vc_tta_section title=&#8220;Technische Daten&#8220; tab_id=&#8220;1619012463606-488a60ab-76e9&#8243;][vc_column_text]<\/p>\n<ul>\n<li>1 oder 2 Spindeln<\/li>\n<li>Honbereich \u00d8 1,0 \u2013 70 mm<\/li>\n<li>Hubl\u00e4nge 0 \u2013 340 mm<\/li>\n<li>Spindeldrehzahl 50 \u2013 8 000 U\/min<\/li>\n<li>Automatisches Aufweitsystem (1 \u2013 300 Sek.\/0,01 mm)<\/li>\n<li>Standardtisch mit standardisierten T-Nuten<\/li>\n<li>Drehtisch mit 2, 4 oder 6 Positionen<\/li>\n<li>K\u00fchler so positioniert, dass die Hitze die anderen Module nicht beeinflusst<\/li>\n<li>65 Liter \u00d6ltank mit 10 \u00b5m Filterpapier und 5 \u00b5m Filterkartusche<\/li>\n<li>Nach links oder rechts schwenkbarer Schaltschrank, erleichtert den Zugang zum Technikbereich<\/li>\n<li>Gewicht bis ~ 1 700 kg<\/li>\n<li>Abmessungen 1 900 x 900 x 2 200 mm<\/li>\n<\/ul>\n<p>[\/vc_column_text][\/vc_tta_section][vc_tta_section title=&#8220;Wichtige Vorteile&#8220; tab_id=&#8220;1619012463631-81a7ff44-ae87&#8243;][vc_column_text]<\/p>\n<ul>\n<li>Produktionsmaschine f\u00fcr hohe Pr\u00e4zision.<\/li>\n<li>Automatische Aufweitung erm\u00f6glicht eine Wiederholbarkeit des Endma\u00dfes innerhalb von 1 \u00b5m.<\/li>\n<li>Anwendungsspezifische schwimmend gelagerte Aufspannung.<\/li>\n<li>Honbewegung angetrieben von einem Linearmotor.<\/li>\n<li>Grafische Hilfe zur Korrektur der Geometrie.<\/li>\n<li>M\u00f6glichkeit des Einf\u00fchrens und \/ oder Herausziehens der rotierenden Honahle.<\/li>\n<li>Werkzeugschutz durch einen Drehmomentbegrenzer.<\/li>\n<\/ul>\n<p>[\/vc_column_text][\/vc_tta_section][vc_tta_section title=&#8220;Zubeh\u00f6r&#8220; tab_id=&#8220;1619012564560-d44016f7-4c01&#8243;][vc_column_text]Automatischer Papierbandfilter kombiniert mit Kartuschenfilter[\/vc_column_text][\/vc_tta_section][\/dfd_accordion]<div class=\"dfd-spacer-module\"  data-units=\"px\" data-wide_resolution=\"1280\" data-wide_size=\"20\" data-normal_resolution=\"1024\" data-normal_size=\"20\" data-tablet_resolution=\"800\" data-tablet_size=\"20\" data-mobile_resolution=\"480\" data-mobile_size=\"20\" style=\"height: 20px;\"><\/div><div class=\"dfd-spacer-module\"  data-units=\"px\" data-wide_resolution=\"1280\" data-wide_size=\"50\" data-normal_resolution=\"1024\" data-normal_size=\"50\" data-tablet_resolution=\"800\" data-tablet_size=\"50\" data-mobile_resolution=\"480\" data-mobile_size=\"80\" style=\"height: 50px;\"><\/div><div class=\"dfd-heading-shortcode\"><div class=\"dfd-heading-module-wrap  text-left style_01 dfd-heading-69e38d7a7b0e7 dfd-disable-resposive-headings\" id=\"dfd-heading-69e38d7a7b0e7\" ><div class=\"inline-block\"><div class=\"dfd-heading-module\"><h2 class=\"widget-title dfd-title \" style=\"\">Videos<\/p>\n<p><\/h2><\/div><\/div><\/div><script type=\"text\/javascript\">\r\n\t\t\t\t\t\t\t\t\t(function($) {\r\n\t\t\t\t\t\t\t\t\t\t$(\"head\").append(\"<style>.dfd-heading-69e38d7a7b0e7.dfd-heading-module-wrap .dfd-heading-module .dfd-heading-delimiter {margin-top:10px;margin-bottom:10px;}<\/style>\");\r\n\t\t\t\t\t\t\t\t\t})(jQuery);\r\n\t\t\t\t\t\t\t\t<\/script><\/div><div class=\"dfd-spacer-module\"  data-units=\"px\" data-wide_resolution=\"1280\" data-wide_size=\"20\" data-normal_resolution=\"1024\" data-normal_size=\"20\" data-tablet_resolution=\"800\" data-tablet_size=\"20\" data-mobile_resolution=\"480\" data-mobile_size=\"20\" style=\"height: 20px;\"><\/div>[vc_row_inner][vc_column_inner width=&#8220;1\/3&#8243;]<div class=\"animation-container \" ><div id=\"video-player-69e38d7a7b18e-3361\" class=\"dfd-videoplayer style-1  text-center \"><div class=\"dfd-video-content video-content\" id=\"module_video_69e38d7a7b192\"><div class=\"dfd-video-box no-thumb\"  ><div class=\"wpb_video_wrapper\"><iframe loading=\"lazy\" title=\"PEMAMO MVRL 160 \u00d81mm Hydraulic Valves Honing\" width=\"1200\" height=\"675\" src=\"https:\/\/www.youtube.com\/embed\/5-TdvZnCjMY?feature=oembed\" frameborder=\"0\" allow=\"accelerometer; autoplay; clipboard-write; encrypted-media; gyroscope; picture-in-picture\" allowfullscreen><\/iframe><\/div><\/div><\/div><\/div><\/div><script type=\"text\/javascript\">\r\n\t\t\t\t\t\t\t(function($) {\r\n\t\t\t\t\t\t\t\t$(\"head\").append(\"<style><\/style>\");\r\n\t\t\t\t\t\t\t\t$(document).ready(function(){\r\n\t\t\t\t\t\t\t\t\tDFD_VideoModule.init(\"module_video_69e38d7a7b192\",\"video-player-69e38d7a7b18e-3361\");\r\n\t\t\t\t\t\t\t\t});\r\n\t\t\t\t\t\t\t})(jQuery);\r\n\t\t\t\t\t\t<\/script>[\/vc_column_inner][vc_column_inner width=&#8220;1\/3&#8243;]<div class=\"animation-container \" ><div id=\"video-player-69e38d7a7c9af-5768\" class=\"dfd-videoplayer style-1  text-center \"><div class=\"dfd-video-content video-content\" id=\"module_video_69e38d7a7c9b3\"><div class=\"dfd-video-box no-thumb\"  ><div class=\"wpb_video_wrapper\"><iframe loading=\"lazy\" title=\"PEMAMO MVRL160 Mono TS Honing machine\" width=\"1200\" height=\"675\" src=\"https:\/\/www.youtube.com\/embed\/PWoNn14yTrs?feature=oembed\" frameborder=\"0\" allow=\"accelerometer; autoplay; clipboard-write; encrypted-media; gyroscope; picture-in-picture\" allowfullscreen><\/iframe><\/div><\/div><\/div><\/div><\/div><script type=\"text\/javascript\">\r\n\t\t\t\t\t\t\t(function($) {\r\n\t\t\t\t\t\t\t\t$(\"head\").append(\"<style><\/style>\");\r\n\t\t\t\t\t\t\t\t$(document).ready(function(){\r\n\t\t\t\t\t\t\t\t\tDFD_VideoModule.init(\"module_video_69e38d7a7c9b3\",\"video-player-69e38d7a7c9af-5768\");\r\n\t\t\t\t\t\t\t\t});\r\n\t\t\t\t\t\t\t})(jQuery);\r\n\t\t\t\t\t\t<\/script>[\/vc_column_inner][vc_column_inner width=&#8220;1\/3&#8243;]<div class=\"animation-container \" ><div id=\"video-player-69e38d7a7d816-9632\" class=\"dfd-videoplayer style-1  text-center \"><div class=\"dfd-video-content video-content\" id=\"module_video_69e38d7a7d818\"><div class=\"dfd-video-box no-thumb\"  ><div class=\"wpb_video_wrapper\"><iframe loading=\"lazy\" title=\"PEMAMO MVRL160 DUO MMB Honing machine\" width=\"1200\" height=\"675\" src=\"https:\/\/www.youtube.com\/embed\/AN9T8nhgzKo?feature=oembed\" frameborder=\"0\" allow=\"accelerometer; autoplay; clipboard-write; encrypted-media; gyroscope; picture-in-picture\" allowfullscreen><\/iframe><\/div><\/div><\/div><\/div><\/div><script type=\"text\/javascript\">\r\n\t\t\t\t\t\t\t(function($) {\r\n\t\t\t\t\t\t\t\t$(\"head\").append(\"<style><\/style>\");\r\n\t\t\t\t\t\t\t\t$(document).ready(function(){\r\n\t\t\t\t\t\t\t\t\tDFD_VideoModule.init(\"module_video_69e38d7a7d818\",\"video-player-69e38d7a7d816-9632\");\r\n\t\t\t\t\t\t\t\t});\r\n\t\t\t\t\t\t\t})(jQuery);\r\n\t\t\t\t\t\t<\/script>[\/vc_column_inner][\/vc_row_inner][\/vc_column][\/vc_row]<\/p>\n<\/div>","protected":false},"excerpt":{"rendered":"<p><img decoding=\"async\" src=\"https:\/\/pemamo.ch\/wp-content\/uploads\/2023\/10\/logo-ce-kc-90x33.png\" \/><\/p>\n<p>Honbereich \u00d8 1,0 \u2013 70 mm<br \/>\n1 oder 2 Spindeln<br \/>\nTisch mit T-Nuten<br \/>\nDrehtisch mit 2 \u2013 4 \u2013 6 Positionen<br \/>\nLinearmotor<br \/>\n<a style=\"color: #ff3438;\" href=\"https:\/\/pemamo.ch\/wp-content\/uploads\/2021\/04\/mvrl160.pdf\" target=\"_blank\" rel=\"noopener\">Laden Sie die Brosch\u00fcre herunter<\/a><\/p>\n<p><strong><br \/>\n<\/strong>Bitte f\u00fcgen Sie den Artikel zu Ihrer Angebotsanfrage hinzu oder verwenden Sie unser <a style=\"color: #ff3438;\" href=\"https:\/\/pemamo.ch\/de\/unterstuetzung\/\">Support-Formular<\/a>, wenn Sie Hilfe ben\u00f6tigen.<\/p>\n<p>&nbsp;<\/p>\n","protected":false},"featured_media":1249,"template":"","meta":[],"product_brand":[],"product_cat":[47],"product_tag":[],"class_list":{"0":"post-2843","1":"product","2":"type-product","3":"status-publish","4":"has-post-thumbnail","6":"product_cat-maschinen-de","8":"first","9":"instock","10":"shipping-taxable","11":"purchasable","12":"product-type-simple"},"yoast_head":"<!-- This site is optimized with the Yoast SEO plugin v27.2 - https:\/\/yoast.com\/product\/yoast-seo-wordpress\/ -->\n<title>Vertikale Honmaschine MVRL 160 - Pemamo<\/title>\n<meta name=\"robots\" content=\"index, follow, max-snippet:-1, max-image-preview:large, max-video-preview:-1\" \/>\n<link rel=\"canonical\" href=\"https:\/\/pemamo.ch\/produit\/machine-de-rodage-vertical-mvrl-160\/\" \/>\n<meta property=\"og:locale\" content=\"de_DE\" \/>\n<meta property=\"og:type\" content=\"article\" \/>\n<meta property=\"og:title\" content=\"Vertikale Honmaschine MVRL 160 - Pemamo\" \/>\n<meta property=\"og:description\" content=\"Honbereich \u00d8 1,0 \u2013 70 mm 1 oder 2 Spindeln Tisch mit T-Nuten Drehtisch mit 2 \u2013 4 \u2013 6 Positionen Linearmotor Laden Sie die Brosch\u00fcre herunter   Bitte f\u00fcgen Sie den Artikel zu Ihrer Angebotsanfrage hinzu oder verwenden Sie unser Support-Formular, wenn Sie Hilfe ben\u00f6tigen.  &nbsp;\" \/>\n<meta property=\"og:url\" content=\"https:\/\/pemamo.ch\/produit\/machine-de-rodage-vertical-mvrl-160\/\" \/>\n<meta property=\"og:site_name\" content=\"Pemamo\" \/>\n<meta property=\"article:modified_time\" content=\"2024-05-22T11:19:45+00:00\" \/>\n<meta property=\"og:image\" content=\"https:\/\/pemamo.ch\/wp-content\/uploads\/2021\/04\/pemamo-mvrl-160.jpg\" \/>\n\t<meta property=\"og:image:width\" content=\"459\" \/>\n\t<meta property=\"og:image:height\" content=\"569\" \/>\n\t<meta property=\"og:image:type\" content=\"image\/jpeg\" \/>\n<meta name=\"twitter:card\" content=\"summary_large_image\" \/>\n<meta name=\"twitter:label1\" content=\"Gesch\u00e4tzte Lesezeit\" \/>\n\t<meta name=\"twitter:data1\" content=\"2\u00a0Minuten\" \/>\n<script type=\"application\/ld+json\" class=\"yoast-schema-graph\">{\"@context\":\"https:\/\/schema.org\",\"@graph\":[{\"@type\":\"WebPage\",\"@id\":\"https:\/\/pemamo.ch\/produit\/machine-de-rodage-vertical-mvrl-160\/\",\"url\":\"https:\/\/pemamo.ch\/produit\/machine-de-rodage-vertical-mvrl-160\/\",\"name\":\"Vertikale Honmaschine MVRL 160 - Pemamo\",\"isPartOf\":{\"@id\":\"https:\/\/pemamo.ch\/#website\"},\"primaryImageOfPage\":{\"@id\":\"https:\/\/pemamo.ch\/produit\/machine-de-rodage-vertical-mvrl-160\/#primaryimage\"},\"image\":{\"@id\":\"https:\/\/pemamo.ch\/produit\/machine-de-rodage-vertical-mvrl-160\/#primaryimage\"},\"thumbnailUrl\":\"https:\/\/pemamo.ch\/wp-content\/uploads\/2021\/04\/pemamo-mvrl-160.jpg\",\"datePublished\":\"2022-01-31T13:30:25+00:00\",\"dateModified\":\"2024-05-22T11:19:45+00:00\",\"breadcrumb\":{\"@id\":\"https:\/\/pemamo.ch\/produit\/machine-de-rodage-vertical-mvrl-160\/#breadcrumb\"},\"inLanguage\":\"de\",\"potentialAction\":[{\"@type\":\"ReadAction\",\"target\":[\"https:\/\/pemamo.ch\/produit\/machine-de-rodage-vertical-mvrl-160\/\"]}]},{\"@type\":\"ImageObject\",\"inLanguage\":\"de\",\"@id\":\"https:\/\/pemamo.ch\/produit\/machine-de-rodage-vertical-mvrl-160\/#primaryimage\",\"url\":\"https:\/\/pemamo.ch\/wp-content\/uploads\/2021\/04\/pemamo-mvrl-160.jpg\",\"contentUrl\":\"https:\/\/pemamo.ch\/wp-content\/uploads\/2021\/04\/pemamo-mvrl-160.jpg\",\"width\":459,\"height\":569,\"caption\":\"Vertikale Honmaschine MVRL 160\"},{\"@type\":\"BreadcrumbList\",\"@id\":\"https:\/\/pemamo.ch\/produit\/machine-de-rodage-vertical-mvrl-160\/#breadcrumb\",\"itemListElement\":[{\"@type\":\"ListItem\",\"position\":1,\"name\":\"Home\",\"item\":\"https:\/\/pemamo.ch\/de\/\"},{\"@type\":\"ListItem\",\"position\":2,\"name\":\"Shop\",\"item\":\"https:\/\/pemamo.ch\/de\/shop\/\"},{\"@type\":\"ListItem\",\"position\":3,\"name\":\"Vertikale Honmaschine MVRL 160\"}]},{\"@type\":\"WebSite\",\"@id\":\"https:\/\/pemamo.ch\/#website\",\"url\":\"https:\/\/pemamo.ch\/\",\"name\":\"Pemamo\",\"description\":\"Machines et outils de rodage\",\"potentialAction\":[{\"@type\":\"SearchAction\",\"target\":{\"@type\":\"EntryPoint\",\"urlTemplate\":\"https:\/\/pemamo.ch\/?s={search_term_string}\"},\"query-input\":{\"@type\":\"PropertyValueSpecification\",\"valueRequired\":true,\"valueName\":\"search_term_string\"}}],\"inLanguage\":\"de\"}]}<\/script>\n<!-- \/ Yoast SEO plugin. -->","yoast_head_json":{"title":"Vertikale Honmaschine MVRL 160 - Pemamo","robots":{"index":"index","follow":"follow","max-snippet":"max-snippet:-1","max-image-preview":"max-image-preview:large","max-video-preview":"max-video-preview:-1"},"canonical":"https:\/\/pemamo.ch\/produit\/machine-de-rodage-vertical-mvrl-160\/","og_locale":"de_DE","og_type":"article","og_title":"Vertikale Honmaschine MVRL 160 - Pemamo","og_description":"Honbereich \u00d8 1,0 \u2013 70 mm 1 oder 2 Spindeln Tisch mit T-Nuten Drehtisch mit 2 \u2013 4 \u2013 6 Positionen Linearmotor Laden Sie die Brosch\u00fcre herunter   Bitte f\u00fcgen Sie den Artikel zu Ihrer Angebotsanfrage hinzu oder verwenden Sie unser Support-Formular, wenn Sie Hilfe ben\u00f6tigen.  &nbsp;","og_url":"https:\/\/pemamo.ch\/produit\/machine-de-rodage-vertical-mvrl-160\/","og_site_name":"Pemamo","article_modified_time":"2024-05-22T11:19:45+00:00","og_image":[{"width":459,"height":569,"url":"https:\/\/pemamo.ch\/wp-content\/uploads\/2021\/04\/pemamo-mvrl-160.jpg","type":"image\/jpeg"}],"twitter_card":"summary_large_image","twitter_misc":{"Gesch\u00e4tzte Lesezeit":"2\u00a0Minuten"},"schema":{"@context":"https:\/\/schema.org","@graph":[{"@type":"WebPage","@id":"https:\/\/pemamo.ch\/produit\/machine-de-rodage-vertical-mvrl-160\/","url":"https:\/\/pemamo.ch\/produit\/machine-de-rodage-vertical-mvrl-160\/","name":"Vertikale Honmaschine MVRL 160 - Pemamo","isPartOf":{"@id":"https:\/\/pemamo.ch\/#website"},"primaryImageOfPage":{"@id":"https:\/\/pemamo.ch\/produit\/machine-de-rodage-vertical-mvrl-160\/#primaryimage"},"image":{"@id":"https:\/\/pemamo.ch\/produit\/machine-de-rodage-vertical-mvrl-160\/#primaryimage"},"thumbnailUrl":"https:\/\/pemamo.ch\/wp-content\/uploads\/2021\/04\/pemamo-mvrl-160.jpg","datePublished":"2022-01-31T13:30:25+00:00","dateModified":"2024-05-22T11:19:45+00:00","breadcrumb":{"@id":"https:\/\/pemamo.ch\/produit\/machine-de-rodage-vertical-mvrl-160\/#breadcrumb"},"inLanguage":"de","potentialAction":[{"@type":"ReadAction","target":["https:\/\/pemamo.ch\/produit\/machine-de-rodage-vertical-mvrl-160\/"]}]},{"@type":"ImageObject","inLanguage":"de","@id":"https:\/\/pemamo.ch\/produit\/machine-de-rodage-vertical-mvrl-160\/#primaryimage","url":"https:\/\/pemamo.ch\/wp-content\/uploads\/2021\/04\/pemamo-mvrl-160.jpg","contentUrl":"https:\/\/pemamo.ch\/wp-content\/uploads\/2021\/04\/pemamo-mvrl-160.jpg","width":459,"height":569,"caption":"Vertikale Honmaschine MVRL 160"},{"@type":"BreadcrumbList","@id":"https:\/\/pemamo.ch\/produit\/machine-de-rodage-vertical-mvrl-160\/#breadcrumb","itemListElement":[{"@type":"ListItem","position":1,"name":"Home","item":"https:\/\/pemamo.ch\/de\/"},{"@type":"ListItem","position":2,"name":"Shop","item":"https:\/\/pemamo.ch\/de\/shop\/"},{"@type":"ListItem","position":3,"name":"Vertikale Honmaschine MVRL 160"}]},{"@type":"WebSite","@id":"https:\/\/pemamo.ch\/#website","url":"https:\/\/pemamo.ch\/","name":"Pemamo","description":"Machines et outils de rodage","potentialAction":[{"@type":"SearchAction","target":{"@type":"EntryPoint","urlTemplate":"https:\/\/pemamo.ch\/?s={search_term_string}"},"query-input":{"@type":"PropertyValueSpecification","valueRequired":true,"valueName":"search_term_string"}}],"inLanguage":"de"}]}},"_links":{"self":[{"href":"https:\/\/pemamo.ch\/de\/wp-json\/wp\/v2\/product\/2843","targetHints":{"allow":["GET"]}}],"collection":[{"href":"https:\/\/pemamo.ch\/de\/wp-json\/wp\/v2\/product"}],"about":[{"href":"https:\/\/pemamo.ch\/de\/wp-json\/wp\/v2\/types\/product"}],"wp:featuredmedia":[{"embeddable":true,"href":"https:\/\/pemamo.ch\/de\/wp-json\/wp\/v2\/media\/1249"}],"wp:attachment":[{"href":"https:\/\/pemamo.ch\/de\/wp-json\/wp\/v2\/media?parent=2843"}],"wp:term":[{"taxonomy":"product_brand","embeddable":true,"href":"https:\/\/pemamo.ch\/de\/wp-json\/wp\/v2\/product_brand?post=2843"},{"taxonomy":"product_cat","embeddable":true,"href":"https:\/\/pemamo.ch\/de\/wp-json\/wp\/v2\/product_cat?post=2843"},{"taxonomy":"product_tag","embeddable":true,"href":"https:\/\/pemamo.ch\/de\/wp-json\/wp\/v2\/product_tag?post=2843"}],"curies":[{"name":"wp","href":"https:\/\/api.w.org\/{rel}","templated":true}]}}