{"id":3272,"date":"2022-08-30T15:15:20","date_gmt":"2022-08-30T13:15:20","guid":{"rendered":"https:\/\/pemamo.ch\/?post_type=product&#038;p=3272"},"modified":"2022-08-31T11:38:56","modified_gmt":"2022-08-31T09:38:56","slug":"kit-anpassstueck-s2000-pemamo","status":"publish","type":"product","link":"https:\/\/pemamo.ch\/de\/produit\/kit-anpassstueck-s2000-pemamo\/","title":{"rendered":"Kit Anpassst\u00fcck S2000 &#8211; PEMAMO"},"content":{"rendered":"<div class=\"wpb-content-wrapper\"><p>[vc_row][vc_column el_class=&#8220;liste-puce&#8220; col_shadow=&#8220;box_shadow_enable:disable|shadow_horizontal:0|shadow_vertical:15|shadow_blur:50|shadow_spread:0|box_shadow_color:rgba(0%2C0%2C0%2C0.35)&#8220; col_shadow_hover=&#8220;box_shadow_enable:disable|shadow_horizontal:0|shadow_vertical:15|shadow_blur:50|shadow_spread:0|box_shadow_color:rgba(0%2C0%2C0%2C0.35)&#8220;][vc_column_text]<\/p>\n<ul>\n<li>Verwendung von PEMAMO Honahlen auf Maschinen von anderen Herstellern<\/li>\n<li>\u00d81.50 \u2013 70.00mm<\/li>\n<\/ul>\n<p>[\/vc_column_text][\/vc_column][\/vc_row]<\/p>\n<\/div>","protected":false},"excerpt":{"rendered":"<p>Dieses Set enth\u00e4lt drei Adapter, um die PEMAMO Honahlen von \u00d81.50 bis 70.00mm auf anderen Maschinen als PEMAMO einzusetzen.<\/p>\n<p>Bitte f\u00fcgen Sie den Artikel zu Ihrer Angebotsanfrage hinzu oder verwenden Sie unser <a style=\"color: #ff3438;\" href=\"https:\/\/pemamo.ch\/de\/unterstuetzung\/\">Support-Formular<\/a>, wenn Sie Hilfe ben\u00f6tigen.<\/p>\n","protected":false},"featured_media":3279,"template":"","meta":[],"product_brand":[],"product_cat":[44],"product_tag":[],"class_list":{"0":"post-3272","1":"product","2":"type-product","3":"status-publish","4":"has-post-thumbnail","6":"product_cat-gerate","8":"first","9":"instock","10":"shipping-taxable","11":"purchasable","12":"product-type-simple"},"yoast_head":"<!-- This site is optimized with the Yoast SEO plugin v27.2 - https:\/\/yoast.com\/product\/yoast-seo-wordpress\/ -->\n<title>Kit Anpassst\u00fcck S2000 - PEMAMO - Pemamo<\/title>\n<meta name=\"robots\" content=\"index, follow, max-snippet:-1, max-image-preview:large, max-video-preview:-1\" \/>\n<link rel=\"canonical\" href=\"https:\/\/pemamo.ch\/produit\/kit-adaptateur-s2000\/\" \/>\n<meta property=\"og:locale\" content=\"de_DE\" \/>\n<meta property=\"og:type\" content=\"article\" \/>\n<meta property=\"og:title\" content=\"Kit Anpassst\u00fcck S2000 - PEMAMO - Pemamo\" \/>\n<meta property=\"og:description\" content=\"Dieses Set enth\u00e4lt drei Adapter, um die PEMAMO Honahlen von \u00d81.50 bis 70.00mm auf anderen Maschinen als PEMAMO einzusetzen.  Bitte f\u00fcgen Sie den Artikel zu Ihrer Angebotsanfrage hinzu oder verwenden Sie unser Support-Formular, wenn Sie Hilfe ben\u00f6tigen.\" \/>\n<meta property=\"og:url\" content=\"https:\/\/pemamo.ch\/produit\/kit-adaptateur-s2000\/\" \/>\n<meta property=\"og:site_name\" content=\"Pemamo\" \/>\n<meta property=\"article:modified_time\" content=\"2022-08-31T09:38:56+00:00\" \/>\n<meta property=\"og:image\" content=\"https:\/\/pemamo.ch\/wp-content\/uploads\/2022\/08\/kit-s2000_2.jpg\" \/>\n\t<meta property=\"og:image:width\" content=\"640\" \/>\n\t<meta property=\"og:image:height\" content=\"640\" \/>\n\t<meta property=\"og:image:type\" content=\"image\/jpeg\" \/>\n<meta name=\"twitter:card\" content=\"summary_large_image\" \/>\n<meta name=\"twitter:label1\" content=\"Gesch\u00e4tzte Lesezeit\" \/>\n\t<meta name=\"twitter:data1\" content=\"1\u00a0Minute\" \/>\n<script type=\"application\/ld+json\" class=\"yoast-schema-graph\">{\"@context\":\"https:\/\/schema.org\",\"@graph\":[{\"@type\":\"WebPage\",\"@id\":\"https:\/\/pemamo.ch\/produit\/kit-adaptateur-s2000\/\",\"url\":\"https:\/\/pemamo.ch\/produit\/kit-adaptateur-s2000\/\",\"name\":\"Kit Anpassst\u00fcck S2000 - PEMAMO - Pemamo\",\"isPartOf\":{\"@id\":\"https:\/\/pemamo.ch\/#website\"},\"primaryImageOfPage\":{\"@id\":\"https:\/\/pemamo.ch\/produit\/kit-adaptateur-s2000\/#primaryimage\"},\"image\":{\"@id\":\"https:\/\/pemamo.ch\/produit\/kit-adaptateur-s2000\/#primaryimage\"},\"thumbnailUrl\":\"https:\/\/pemamo.ch\/wp-content\/uploads\/2022\/08\/kit-s2000_2.jpg\",\"datePublished\":\"2022-08-30T13:15:20+00:00\",\"dateModified\":\"2022-08-31T09:38:56+00:00\",\"breadcrumb\":{\"@id\":\"https:\/\/pemamo.ch\/produit\/kit-adaptateur-s2000\/#breadcrumb\"},\"inLanguage\":\"de\",\"potentialAction\":[{\"@type\":\"ReadAction\",\"target\":[\"https:\/\/pemamo.ch\/produit\/kit-adaptateur-s2000\/\"]}]},{\"@type\":\"ImageObject\",\"inLanguage\":\"de\",\"@id\":\"https:\/\/pemamo.ch\/produit\/kit-adaptateur-s2000\/#primaryimage\",\"url\":\"https:\/\/pemamo.ch\/wp-content\/uploads\/2022\/08\/kit-s2000_2.jpg\",\"contentUrl\":\"https:\/\/pemamo.ch\/wp-content\/uploads\/2022\/08\/kit-s2000_2.jpg\",\"width\":640,\"height\":640,\"caption\":\"Kit Anpassst\u00fcck S2000 - PEMAMO\"},{\"@type\":\"BreadcrumbList\",\"@id\":\"https:\/\/pemamo.ch\/produit\/kit-adaptateur-s2000\/#breadcrumb\",\"itemListElement\":[{\"@type\":\"ListItem\",\"position\":1,\"name\":\"Home\",\"item\":\"https:\/\/pemamo.ch\/de\/\"},{\"@type\":\"ListItem\",\"position\":2,\"name\":\"Shop\",\"item\":\"https:\/\/pemamo.ch\/de\/shop\/\"},{\"@type\":\"ListItem\",\"position\":3,\"name\":\"Kit Anpassst\u00fcck S2000 &#8211; PEMAMO\"}]},{\"@type\":\"WebSite\",\"@id\":\"https:\/\/pemamo.ch\/#website\",\"url\":\"https:\/\/pemamo.ch\/\",\"name\":\"Pemamo\",\"description\":\"Machines et outils de rodage\",\"potentialAction\":[{\"@type\":\"SearchAction\",\"target\":{\"@type\":\"EntryPoint\",\"urlTemplate\":\"https:\/\/pemamo.ch\/?s={search_term_string}\"},\"query-input\":{\"@type\":\"PropertyValueSpecification\",\"valueRequired\":true,\"valueName\":\"search_term_string\"}}],\"inLanguage\":\"de\"}]}<\/script>\n<!-- \/ Yoast SEO plugin. -->","yoast_head_json":{"title":"Kit Anpassst\u00fcck S2000 - PEMAMO - Pemamo","robots":{"index":"index","follow":"follow","max-snippet":"max-snippet:-1","max-image-preview":"max-image-preview:large","max-video-preview":"max-video-preview:-1"},"canonical":"https:\/\/pemamo.ch\/produit\/kit-adaptateur-s2000\/","og_locale":"de_DE","og_type":"article","og_title":"Kit Anpassst\u00fcck S2000 - PEMAMO - Pemamo","og_description":"Dieses Set enth\u00e4lt drei Adapter, um die PEMAMO Honahlen von \u00d81.50 bis 70.00mm auf anderen Maschinen als PEMAMO einzusetzen.  Bitte f\u00fcgen Sie den Artikel zu Ihrer Angebotsanfrage hinzu oder verwenden Sie unser Support-Formular, wenn Sie Hilfe ben\u00f6tigen.","og_url":"https:\/\/pemamo.ch\/produit\/kit-adaptateur-s2000\/","og_site_name":"Pemamo","article_modified_time":"2022-08-31T09:38:56+00:00","og_image":[{"width":640,"height":640,"url":"https:\/\/pemamo.ch\/wp-content\/uploads\/2022\/08\/kit-s2000_2.jpg","type":"image\/jpeg"}],"twitter_card":"summary_large_image","twitter_misc":{"Gesch\u00e4tzte Lesezeit":"1\u00a0Minute"},"schema":{"@context":"https:\/\/schema.org","@graph":[{"@type":"WebPage","@id":"https:\/\/pemamo.ch\/produit\/kit-adaptateur-s2000\/","url":"https:\/\/pemamo.ch\/produit\/kit-adaptateur-s2000\/","name":"Kit Anpassst\u00fcck S2000 - PEMAMO - Pemamo","isPartOf":{"@id":"https:\/\/pemamo.ch\/#website"},"primaryImageOfPage":{"@id":"https:\/\/pemamo.ch\/produit\/kit-adaptateur-s2000\/#primaryimage"},"image":{"@id":"https:\/\/pemamo.ch\/produit\/kit-adaptateur-s2000\/#primaryimage"},"thumbnailUrl":"https:\/\/pemamo.ch\/wp-content\/uploads\/2022\/08\/kit-s2000_2.jpg","datePublished":"2022-08-30T13:15:20+00:00","dateModified":"2022-08-31T09:38:56+00:00","breadcrumb":{"@id":"https:\/\/pemamo.ch\/produit\/kit-adaptateur-s2000\/#breadcrumb"},"inLanguage":"de","potentialAction":[{"@type":"ReadAction","target":["https:\/\/pemamo.ch\/produit\/kit-adaptateur-s2000\/"]}]},{"@type":"ImageObject","inLanguage":"de","@id":"https:\/\/pemamo.ch\/produit\/kit-adaptateur-s2000\/#primaryimage","url":"https:\/\/pemamo.ch\/wp-content\/uploads\/2022\/08\/kit-s2000_2.jpg","contentUrl":"https:\/\/pemamo.ch\/wp-content\/uploads\/2022\/08\/kit-s2000_2.jpg","width":640,"height":640,"caption":"Kit Anpassst\u00fcck S2000 - PEMAMO"},{"@type":"BreadcrumbList","@id":"https:\/\/pemamo.ch\/produit\/kit-adaptateur-s2000\/#breadcrumb","itemListElement":[{"@type":"ListItem","position":1,"name":"Home","item":"https:\/\/pemamo.ch\/de\/"},{"@type":"ListItem","position":2,"name":"Shop","item":"https:\/\/pemamo.ch\/de\/shop\/"},{"@type":"ListItem","position":3,"name":"Kit Anpassst\u00fcck S2000 &#8211; PEMAMO"}]},{"@type":"WebSite","@id":"https:\/\/pemamo.ch\/#website","url":"https:\/\/pemamo.ch\/","name":"Pemamo","description":"Machines et outils de rodage","potentialAction":[{"@type":"SearchAction","target":{"@type":"EntryPoint","urlTemplate":"https:\/\/pemamo.ch\/?s={search_term_string}"},"query-input":{"@type":"PropertyValueSpecification","valueRequired":true,"valueName":"search_term_string"}}],"inLanguage":"de"}]}},"_links":{"self":[{"href":"https:\/\/pemamo.ch\/de\/wp-json\/wp\/v2\/product\/3272","targetHints":{"allow":["GET"]}}],"collection":[{"href":"https:\/\/pemamo.ch\/de\/wp-json\/wp\/v2\/product"}],"about":[{"href":"https:\/\/pemamo.ch\/de\/wp-json\/wp\/v2\/types\/product"}],"wp:featuredmedia":[{"embeddable":true,"href":"https:\/\/pemamo.ch\/de\/wp-json\/wp\/v2\/media\/3279"}],"wp:attachment":[{"href":"https:\/\/pemamo.ch\/de\/wp-json\/wp\/v2\/media?parent=3272"}],"wp:term":[{"taxonomy":"product_brand","embeddable":true,"href":"https:\/\/pemamo.ch\/de\/wp-json\/wp\/v2\/product_brand?post=3272"},{"taxonomy":"product_cat","embeddable":true,"href":"https:\/\/pemamo.ch\/de\/wp-json\/wp\/v2\/product_cat?post=3272"},{"taxonomy":"product_tag","embeddable":true,"href":"https:\/\/pemamo.ch\/de\/wp-json\/wp\/v2\/product_tag?post=3272"}],"curies":[{"name":"wp","href":"https:\/\/api.w.org\/{rel}","templated":true}]}}